{"id":1029,"date":"2015-04-29T05:59:37","date_gmt":"2015-04-29T05:59:37","guid":{"rendered":"http:\/\/www.internationalscienceediting.com\/pt\/?page_id=1029"},"modified":"2025-05-13T13:39:01","modified_gmt":"2025-05-13T13:39:01","slug":"payment-page","status":"publish","type":"page","link":"https:\/\/internationalscienceediting.com\/pt\/payment-page\/","title":{"rendered":"Pagamento"},"content":{"rendered":"<h2>Aceitamos\u00a0<em><i>Laser, Visa, UnionPay<\/i><\/em>\u00a0e\u00a0<em><i>MasterCard<\/i><\/em>.<\/h2>\n<p><em><span style=\"color: #008000;\"><strong>\u00a0<\/strong><\/span><\/em>Aceitamos o pagamento atrav\u00e9s de Stripe e PayPal em\u00a0<strong><a href=\"https:\/\/www.internationalscienceediting.com\/payment-page\/\">Euros (EUR)<\/a><\/strong>, <strong><a href=\"https:\/\/www.internationalscienceediting.com\/pay-with-dollar\/\">D\u00f3lares Americanos(USD)<\/a>, \u00a0<a href=\"https:\/\/www.internationalscienceediting.com\/pay-chinese-yuan\/\">Chinese Yuan Renminbi (CNY)<\/a>, <a href=\"http:\/\/www.internationalscienceediting.com\/payment-japanese-yen\/\">Japanese Yen (JPY)<\/a> and <a href=\"https:\/\/www.internationalscienceediting.com\/pay-with-brazil\/\">Brazilian Real (BRL)<\/a><\/strong>.<\/p>\n<p><label for=\"currency\">Clique aqui para escolher sua op\u00e7\u00e3o de pagamento<\/label><\/p>\n<p><select id=\"currency\" onchange=\"this.options[this.selectedIndex].value &amp;&amp; (window.location = this.options[this.selectedIndex].value);\"><option selected=\"selected\" value=\"\">Clique aqui para escolher sua op\u00e7\u00e3o de pagamento<\/option><option value=\"https:\/\/www.internationalscienceediting.com\/payment-page\">EUR<\/option><option value=\"https:\/\/www.internationalscienceediting.com\/pay-with-dollar\/\">USD<\/option><option value=\"https:\/\/www.internationalscienceediting.com\/pay-with-brazil\/\">BRL<\/option><option value=\"http:\/\/www.internationalscienceediting.com\/payment-japanese-yen\/\">JPY<\/option><option value=\"https:\/\/www.internationalscienceediting.com\/pay-chinese-yuan\/\">CNY<\/option><\/select><\/p>\n<h3><strong><span style=\"color: #000080;\">We accept payment\u00a0<\/span><\/strong><\/h3>\n<table>\n<thead style=\"display: none;\">\n<tr>\n<th scope=\"col\">PayPal (JPY)<\/th>\n<th scope=\"col\">Stripe (CNY)<\/th>\n<th scope=\"col\">Realex (Other)<\/th>\n<\/tr>\n<\/thead>\n<tbody>\n<tr>\n<td><img loading=\"lazy\" decoding=\"async\" class=\"alignright wp-image-2586\" style=\"cursor: pointer;\" src=\"http:\/\/www.internationalscienceediting.com\/wp-content\/uploads\/2017\/02\/PayPal-button.gif\" alt=\"PayPal-button\" width=\"147\" height=\"90\" \/><\/td>\n<td><img loading=\"lazy\" decoding=\"async\" class=\"aligncenter wp-image-2904 size-medium\" style=\"cursor: pointer;\" src=\"https:\/\/www.internationalscienceediting.com\/wp-content\/uploads\/2017\/06\/logo-stripe-300x95.png\" alt=\"stripe logo\" width=\"300\" height=\"95\" \/><\/td>\n<td><img loading=\"lazy\" decoding=\"async\" class=\"alignleft wp-image-2591\" style=\"cursor: pointer;\" src=\"http:\/\/www.internationalscienceediting.com\/wp-content\/uploads\/2017\/02\/realex-button-1.gif\" alt=\"realex button\" width=\"187\" height=\"90\" \/><\/td>\n<\/tr>\n<\/tbody>\n<\/table>\n","protected":false},"excerpt":{"rendered":"<p>Aceitamos\u00a0Laser, Visa, UnionPay\u00a0e\u00a0MasterCard. \u00a0Aceitamos o pagamento atrav\u00e9s de Stripe e PayPal em\u00a0Euros (EUR), D\u00f3lares Americanos(USD), \u00a0Chinese Yuan Renminbi (CNY), Japanese Yen (JPY) and Brazilian Real (BRL). Clique aqui para escolher sua op\u00e7\u00e3o de pagamento Clique aqui para escolher sua op\u00e7\u00e3o de pagamentoEURUSDBRLJPYCNY We accept payment\u00a0 PayPal (JPY) Stripe (CNY) Realex (Other)<\/p>\n","protected":false},"author":5,"featured_media":1009,"parent":0,"menu_order":0,"comment_status":"closed","ping_status":"closed","template":"","meta":{"_genesis_hide_title":false,"_genesis_hide_breadcrumbs":false,"_genesis_hide_singular_image":false,"_genesis_hide_footer_widgets":false,"_genesis_custom_body_class":"","_genesis_custom_post_class":"","_genesis_layout":"","footnotes":""},"class_list":{"0":"post-1029","1":"page","2":"type-page","3":"status-publish","4":"has-post-thumbnail","6":"entry"},"yoast_head":"<!-- This site is optimized with the Yoast SEO plugin v26.7 - https:\/\/yoast.com\/wordpress\/plugins\/seo\/ -->\n<title>Pagamento - International Science Editing_PT<\/title>\n<meta name=\"robots\" content=\"index, follow, max-snippet:-1, max-image-preview:large, max-video-preview:-1\" \/>\n<link rel=\"canonical\" href=\"https:\/\/internationalscienceediting.com\/pt\/payment-page\/\" \/>\n<meta property=\"og:locale\" content=\"en_US\" \/>\n<meta property=\"og:type\" content=\"article\" \/>\n<meta property=\"og:title\" content=\"Pagamento - International Science Editing_PT\" \/>\n<meta property=\"og:description\" content=\"Aceitamos\u00a0Laser, Visa, UnionPay\u00a0e\u00a0MasterCard. \u00a0Aceitamos o pagamento atrav\u00e9s de Stripe e PayPal em\u00a0Euros (EUR), D\u00f3lares Americanos(USD), \u00a0Chinese Yuan Renminbi (CNY), Japanese Yen (JPY) and Brazilian Real (BRL). Clique aqui para escolher sua op\u00e7\u00e3o de pagamento Clique aqui para escolher sua op\u00e7\u00e3o de pagamentoEURUSDBRLJPYCNY We accept payment\u00a0 PayPal (JPY) Stripe (CNY) Realex (Other)\" \/>\n<meta property=\"og:url\" content=\"https:\/\/internationalscienceediting.com\/pt\/payment-page\/\" \/>\n<meta property=\"og:site_name\" content=\"International Science Editing_PT\" \/>\n<meta property=\"article:modified_time\" content=\"2025-05-13T13:39:01+00:00\" \/>\n<meta property=\"og:image\" content=\"https:\/\/internationalscienceediting.com\/pt\/wp-content\/uploads\/2014\/08\/payment-methods1.jpg\" \/>\n\t<meta property=\"og:image:width\" content=\"1000\" \/>\n\t<meta property=\"og:image:height\" content=\"667\" \/>\n\t<meta property=\"og:image:type\" content=\"image\/jpeg\" \/>\n<meta name=\"twitter:card\" content=\"summary_large_image\" \/>\n<script type=\"application\/ld+json\" class=\"yoast-schema-graph\">{\"@context\":\"https:\/\/schema.org\",\"@graph\":[{\"@type\":\"WebPage\",\"@id\":\"https:\/\/internationalscienceediting.com\/pt\/payment-page\/\",\"url\":\"https:\/\/internationalscienceediting.com\/pt\/payment-page\/\",\"name\":\"Pagamento - International Science Editing_PT\",\"isPartOf\":{\"@id\":\"https:\/\/internationalscienceediting.com\/pt\/#website\"},\"primaryImageOfPage\":{\"@id\":\"https:\/\/internationalscienceediting.com\/pt\/payment-page\/#primaryimage\"},\"image\":{\"@id\":\"https:\/\/internationalscienceediting.com\/pt\/payment-page\/#primaryimage\"},\"thumbnailUrl\":\"https:\/\/internationalscienceediting.com\/pt\/wp-content\/uploads\/2014\/08\/payment-methods1.jpg\",\"datePublished\":\"2015-04-29T05:59:37+00:00\",\"dateModified\":\"2025-05-13T13:39:01+00:00\",\"breadcrumb\":{\"@id\":\"https:\/\/internationalscienceediting.com\/pt\/payment-page\/#breadcrumb\"},\"inLanguage\":\"en-US\",\"potentialAction\":[{\"@type\":\"ReadAction\",\"target\":[\"https:\/\/internationalscienceediting.com\/pt\/payment-page\/\"]}]},{\"@type\":\"ImageObject\",\"inLanguage\":\"en-US\",\"@id\":\"https:\/\/internationalscienceediting.com\/pt\/payment-page\/#primaryimage\",\"url\":\"https:\/\/internationalscienceediting.com\/pt\/wp-content\/uploads\/2014\/08\/payment-methods1.jpg\",\"contentUrl\":\"https:\/\/internationalscienceediting.com\/pt\/wp-content\/uploads\/2014\/08\/payment-methods1.jpg\",\"width\":1000,\"height\":667,\"caption\":\"International Science Editing payment process\"},{\"@type\":\"BreadcrumbList\",\"@id\":\"https:\/\/internationalscienceediting.com\/pt\/payment-page\/#breadcrumb\",\"itemListElement\":[{\"@type\":\"ListItem\",\"position\":1,\"name\":\"Home\",\"item\":\"https:\/\/internationalscienceediting.com\/pt\/\"},{\"@type\":\"ListItem\",\"position\":2,\"name\":\"Pagamento\"}]},{\"@type\":\"WebSite\",\"@id\":\"https:\/\/internationalscienceediting.com\/pt\/#website\",\"url\":\"https:\/\/internationalscienceediting.com\/pt\/\",\"name\":\"International Science Editing_PT\",\"description\":\"Providers of Premier Scientific Editing Services\",\"potentialAction\":[{\"@type\":\"SearchAction\",\"target\":{\"@type\":\"EntryPoint\",\"urlTemplate\":\"https:\/\/internationalscienceediting.com\/pt\/?s={search_term_string}\"},\"query-input\":{\"@type\":\"PropertyValueSpecification\",\"valueRequired\":true,\"valueName\":\"search_term_string\"}}],\"inLanguage\":\"en-US\"}]}<\/script>\n<!-- \/ Yoast SEO plugin. -->","yoast_head_json":{"title":"Pagamento - International Science Editing_PT","robots":{"index":"index","follow":"follow","max-snippet":"max-snippet:-1","max-image-preview":"max-image-preview:large","max-video-preview":"max-video-preview:-1"},"canonical":"https:\/\/internationalscienceediting.com\/pt\/payment-page\/","og_locale":"en_US","og_type":"article","og_title":"Pagamento - International Science Editing_PT","og_description":"Aceitamos\u00a0Laser, Visa, UnionPay\u00a0e\u00a0MasterCard. \u00a0Aceitamos o pagamento atrav\u00e9s de Stripe e PayPal em\u00a0Euros (EUR), D\u00f3lares Americanos(USD), \u00a0Chinese Yuan Renminbi (CNY), Japanese Yen (JPY) and Brazilian Real (BRL). Clique aqui para escolher sua op\u00e7\u00e3o de pagamento Clique aqui para escolher sua op\u00e7\u00e3o de pagamentoEURUSDBRLJPYCNY We accept payment\u00a0 PayPal (JPY) Stripe (CNY) Realex (Other)","og_url":"https:\/\/internationalscienceediting.com\/pt\/payment-page\/","og_site_name":"International Science Editing_PT","article_modified_time":"2025-05-13T13:39:01+00:00","og_image":[{"width":1000,"height":667,"url":"https:\/\/internationalscienceediting.com\/pt\/wp-content\/uploads\/2014\/08\/payment-methods1.jpg","type":"image\/jpeg"}],"twitter_card":"summary_large_image","schema":{"@context":"https:\/\/schema.org","@graph":[{"@type":"WebPage","@id":"https:\/\/internationalscienceediting.com\/pt\/payment-page\/","url":"https:\/\/internationalscienceediting.com\/pt\/payment-page\/","name":"Pagamento - International Science Editing_PT","isPartOf":{"@id":"https:\/\/internationalscienceediting.com\/pt\/#website"},"primaryImageOfPage":{"@id":"https:\/\/internationalscienceediting.com\/pt\/payment-page\/#primaryimage"},"image":{"@id":"https:\/\/internationalscienceediting.com\/pt\/payment-page\/#primaryimage"},"thumbnailUrl":"https:\/\/internationalscienceediting.com\/pt\/wp-content\/uploads\/2014\/08\/payment-methods1.jpg","datePublished":"2015-04-29T05:59:37+00:00","dateModified":"2025-05-13T13:39:01+00:00","breadcrumb":{"@id":"https:\/\/internationalscienceediting.com\/pt\/payment-page\/#breadcrumb"},"inLanguage":"en-US","potentialAction":[{"@type":"ReadAction","target":["https:\/\/internationalscienceediting.com\/pt\/payment-page\/"]}]},{"@type":"ImageObject","inLanguage":"en-US","@id":"https:\/\/internationalscienceediting.com\/pt\/payment-page\/#primaryimage","url":"https:\/\/internationalscienceediting.com\/pt\/wp-content\/uploads\/2014\/08\/payment-methods1.jpg","contentUrl":"https:\/\/internationalscienceediting.com\/pt\/wp-content\/uploads\/2014\/08\/payment-methods1.jpg","width":1000,"height":667,"caption":"International Science Editing payment process"},{"@type":"BreadcrumbList","@id":"https:\/\/internationalscienceediting.com\/pt\/payment-page\/#breadcrumb","itemListElement":[{"@type":"ListItem","position":1,"name":"Home","item":"https:\/\/internationalscienceediting.com\/pt\/"},{"@type":"ListItem","position":2,"name":"Pagamento"}]},{"@type":"WebSite","@id":"https:\/\/internationalscienceediting.com\/pt\/#website","url":"https:\/\/internationalscienceediting.com\/pt\/","name":"International Science Editing_PT","description":"Providers of Premier Scientific Editing Services","potentialAction":[{"@type":"SearchAction","target":{"@type":"EntryPoint","urlTemplate":"https:\/\/internationalscienceediting.com\/pt\/?s={search_term_string}"},"query-input":{"@type":"PropertyValueSpecification","valueRequired":true,"valueName":"search_term_string"}}],"inLanguage":"en-US"}]}},"_links":{"self":[{"href":"https:\/\/internationalscienceediting.com\/pt\/wp-json\/wp\/v2\/pages\/1029","targetHints":{"allow":["GET"]}}],"collection":[{"href":"https:\/\/internationalscienceediting.com\/pt\/wp-json\/wp\/v2\/pages"}],"about":[{"href":"https:\/\/internationalscienceediting.com\/pt\/wp-json\/wp\/v2\/types\/page"}],"author":[{"embeddable":true,"href":"https:\/\/internationalscienceediting.com\/pt\/wp-json\/wp\/v2\/users\/5"}],"replies":[{"embeddable":true,"href":"https:\/\/internationalscienceediting.com\/pt\/wp-json\/wp\/v2\/comments?post=1029"}],"version-history":[{"count":18,"href":"https:\/\/internationalscienceediting.com\/pt\/wp-json\/wp\/v2\/pages\/1029\/revisions"}],"predecessor-version":[{"id":1445,"href":"https:\/\/internationalscienceediting.com\/pt\/wp-json\/wp\/v2\/pages\/1029\/revisions\/1445"}],"wp:featuredmedia":[{"embeddable":true,"href":"https:\/\/internationalscienceediting.com\/pt\/wp-json\/wp\/v2\/media\/1009"}],"wp:attachment":[{"href":"https:\/\/internationalscienceediting.com\/pt\/wp-json\/wp\/v2\/media?parent=1029"}],"curies":[{"name":"wp","href":"https:\/\/api.w.org\/{rel}","templated":true}]}}