{"id":328,"date":"2014-07-28T09:54:56","date_gmt":"2014-07-28T09:54:56","guid":{"rendered":"http:\/\/www.internationalscienceediting.com\/pt\/?page_id=328"},"modified":"2025-09-15T07:09:51","modified_gmt":"2025-09-15T07:09:51","slug":"servico-de-ilustracao","status":"publish","type":"page","link":"https:\/\/internationalscienceediting.com\/pt\/servico-de-ilustracao\/","title":{"rendered":"Servi\u00e7o de Ilustra\u00e7\u00e3o"},"content":{"rendered":"<p style=\"text-align: center;\"><a href=\"https:\/\/internationalscienceediting.com\/pt\/wp-content\/uploads\/2014\/07\/Illustration-Service.jpg\" aria-hidden=\"true\" tabindex=\"-1\"><img loading=\"lazy\" decoding=\"async\" class=\"alignleft size-thumbnail wp-image-528\" src=\"https:\/\/internationalscienceediting.com\/pt\/wp-content\/uploads\/2014\/07\/Illustration-Service-150x150.jpg\" alt=\"science and medical illustrations service\" width=\"150\" height=\"150\" srcset=\"https:\/\/internationalscienceediting.com\/pt\/wp-content\/uploads\/2014\/07\/Illustration-Service-150x150.jpg 150w, https:\/\/internationalscienceediting.com\/pt\/wp-content\/uploads\/2014\/07\/Illustration-Service-300x300.jpg 300w, https:\/\/internationalscienceediting.com\/pt\/wp-content\/uploads\/2014\/07\/Illustration-Service-600x600.jpg 600w, https:\/\/internationalscienceediting.com\/pt\/wp-content\/uploads\/2014\/07\/Illustration-Service.jpg 1000w\" sizes=\"auto, (max-width: 150px) 100vw, 150px\" \/><\/a><\/p>\n<p>Os nossos ilustradores de ci\u00eancia e medicina podem criar imagens profissionais, de qualidade superior, para o seu artigo, livro ou apresenta\u00e7\u00e3o.\u00a0<strong><em><b><i>Os or\u00e7amentos s\u00e3o gratuitos.<\/i><\/b><\/em><\/strong><\/p>\n<p>Pe\u00e7a um or\u00e7amento gratuito, fornecendo todos os detalhes dos seus requisitos, e receba-o no prazo de um dia \u00fatil.<\/p>\n<p><strong>\u00a0<\/strong>Por favor complete este formul\u00e1rio\u00a0ou envie-nos um <em><i>email<\/i><\/em>:<strong><b>\u00a0<\/b><\/strong><strong><a href=\"mailto:artwork@internationalscienceediting.com\">artwork@internationalscienceediting.com<\/a><\/strong><\/p>\n<h1 class=\"heading-forminator-form\">Servi\u00e7o de Ilustra\u00e7\u00e3o: Pe\u00e7a um or\u00e7amento gratuito<\/h1>\n<div class=\"forminator-ui forminator-custom-form forminator-custom-form-1567 forminator-design--default  forminator_ajax\" data-forminator-render=\"0\" data-form=\"forminator-module-1567\" data-uid=\"69d79aef5fa59\"><br\/><\/div><form\n\t\t\t\tid=\"forminator-module-1567\"\n\t\t\t\tclass=\"forminator-ui forminator-custom-form forminator-custom-form-1567 forminator-design--default  forminator_ajax\"\n\t\t\t\tmethod=\"post\"\n\t\t\t\tdata-forminator-render=\"0\"\n\t\t\t\tdata-form-id=\"1567\"\n\t\t\t\tenctype=\"multipart\/form-data\" data-color-option=\"theme\" data-design=\"default\" data-grid=\"open\" style=\"display: none;\"\n\t\t\t\tdata-uid=\"69d79aef5fa59\"\n\t\t\t><div role=\"alert\" aria-live=\"polite\" class=\"forminator-response-message forminator-error\" aria-hidden=\"true\"><\/div><div class=\"forminator-row\"><div id=\"text-8\" class=\"forminator-field-text forminator-col forminator-col-12 \"><div class=\"forminator-field\"><label for=\"forminator-field-text-8_69d79aef5fa59\" id=\"forminator-field-text-8_69d79aef5fa59-label\" class=\"forminator-label\">Nome <span class=\"forminator-required\">*<\/span><\/label><input type=\"text\" name=\"text-8\" value=\"\" placeholder=\"\" id=\"forminator-field-text-8_69d79aef5fa59\" class=\"forminator-input forminator-name--field\" data-required=\"1\" \/><\/div><\/div><\/div><div class=\"forminator-row\"><div id=\"text-7\" class=\"forminator-field-text forminator-col forminator-col-12 \"><div class=\"forminator-field\"><label for=\"forminator-field-text-7_69d79aef5fa59\" id=\"forminator-field-text-7_69d79aef5fa59-label\" class=\"forminator-label\">Institui\u00e7\u00e3o Nome (Universidade, Empregador, etc.) <span class=\"forminator-required\">*<\/span><\/label><input type=\"text\" name=\"text-7\" value=\"\" placeholder=\"\" id=\"forminator-field-text-7_69d79aef5fa59\" class=\"forminator-input forminator-name--field\" data-required=\"1\" \/><\/div><\/div><\/div><div class=\"forminator-row\"><div id=\"text-6\" class=\"forminator-field-text forminator-col forminator-col-12 \"><div class=\"forminator-field\"><label for=\"forminator-field-text-6_69d79aef5fa59\" id=\"forminator-field-text-6_69d79aef5fa59-label\" class=\"forminator-label\">Departamento <span class=\"forminator-required\">*<\/span><\/label><input type=\"text\" name=\"text-6\" value=\"\" placeholder=\"\" id=\"forminator-field-text-6_69d79aef5fa59\" class=\"forminator-input forminator-name--field\" data-required=\"1\" \/><\/div><\/div><\/div><div class=\"forminator-row\"><div id=\"email-1\" class=\"forminator-field-email forminator-col forminator-col-12 \"><div class=\"forminator-field\"><label for=\"forminator-field-email-1_69d79aef5fa59\" id=\"forminator-field-email-1_69d79aef5fa59-label\" class=\"forminator-label\">E-mail Corporativo <span class=\"forminator-required\">*<\/span><\/label><input type=\"email\" name=\"email-1\" value=\"\" placeholder=\"\" id=\"forminator-field-email-1_69d79aef5fa59\" class=\"forminator-input forminator-email--field\" data-required=\"1\" aria-required=\"true\" autocomplete=\"email\" \/><\/div><\/div><\/div><div class=\"forminator-row\"><div id=\"email-2\" class=\"forminator-field-email forminator-col forminator-col-12 \"><div class=\"forminator-field\"><label for=\"forminator-field-email-2_69d79aef5fa59\" id=\"forminator-field-email-2_69d79aef5fa59-label\" class=\"forminator-label\">Por favor, Confirme E-mail Corporativo <span class=\"forminator-required\">*<\/span><\/label><input type=\"email\" name=\"email-2\" value=\"\" placeholder=\"\" id=\"forminator-field-email-2_69d79aef5fa59\" class=\"forminator-input forminator-email--field\" data-required=\"1\" aria-required=\"true\" autocomplete=\"email\" \/><\/div><\/div><\/div><div class=\"forminator-row\"><div id=\"email-3\" class=\"forminator-field-email forminator-col forminator-col-12 \"><div class=\"forminator-field\"><label for=\"forminator-field-email-3_69d79aef5fa59\" id=\"forminator-field-email-3_69d79aef5fa59-label\" class=\"forminator-label\">Email Alternativo<\/label><input type=\"email\" name=\"email-3\" value=\"\" placeholder=\"\" id=\"forminator-field-email-3_69d79aef5fa59\" class=\"forminator-input forminator-email--field\" data-required=\"\" aria-required=\"false\" autocomplete=\"email\" \/><\/div><\/div><\/div><div class=\"forminator-row\"><div id=\"textarea-1\" class=\"forminator-field-textarea forminator-col forminator-col-12 \"><div class=\"forminator-field\"><label for=\"forminator-field-textarea-1_69d79aef5fa59\" id=\"forminator-field-textarea-1_69d79aef5fa59-label\" class=\"forminator-label\">Coment\u00e1rios<\/label><textarea name=\"textarea-1\" placeholder=\"\" id=\"forminator-field-textarea-1_69d79aef5fa59\" class=\"forminator-textarea\" rows=\"6\" style=\"min-height:140px;\" ><\/textarea><\/div><\/div><\/div><div class=\"forminator-row\"><div id=\"upload-1\" class=\"forminator-field-upload forminator-col forminator-col-12 \"><div class=\"forminator-field\"><label for=\"forminator-field-upload-1_69d79aef5fa59\" id=\"forminator-field-upload-1_69d79aef5fa59-label\" class=\"forminator-label\">Carregar Imagem Only ( JPG, JPEG , GIF, TIF , DOC, DOCX ) <span class=\"forminator-required\">*<\/span><\/label><div class=\"forminator-file-upload \" data-element=\"upload-1_69d79aef5fa59\"><input type=\"file\" name=\"upload-1\" id=\"forminator-field-upload-1_69d79aef5fa59\" class=\"forminator-input-file-required do-validate\" accept=\".avif,.heif,.heics,.heifs,.asf,.asx,.wmv,.wmx,.wm,.avi,.divx,.flv,.mov,.qt,.mpeg,.mpg,.mpe,.mp4,.m4v,.ogv,.webm,.mkv,.3gp,.3gpp,.3g2,.3gp2,.txt,.asc,.c,.cc,.h,.srt,.csv,.tsv,.ics,.rtx,.vtt,.mp3,.m4a,.m4b,.aac,.ra,.ram,.wav,.x-wav,.ogg,.oga,.flac,.mid,.midi,.wma,.wax,.mka,.rtf,.class,.tar,.zip,.gz,.gzip,.7z,.xla,.xls,.xlt,.xlw,.xlsx,.xlsm,.xlsb,.xltx,.xltm,.xlam,.pptx,.pptm,.ppsx,.ppsm,.potx,.potm,.ppam,.sldx,.sldm,.ods,.key,.numbers,.jpg,.jpeg,.jpe,.gif,.tiff,.tif,.doc,.docx\" tabindex=\"-1\"><button id=\"forminator-field-upload-1_69d79aef5fa59_button\" class=\"forminator-button forminator-button-upload\" data-id=\"forminator-field-upload-1_69d79aef5fa59\">Choose File<\/button><span data-empty-text=\"No file chosen\">No file chosen<\/span><button class=\"forminator-button-delete\" style=\"display: none;\"><i class=\"forminator-icon-close\" aria-hidden=\"true\"><\/i><span class=\"forminator-screen-reader-only\">Delete uploaded file<\/span><\/button><\/div><\/div><\/div><\/div><div class=\"forminator-row\"><div id=\"upload-2\" class=\"forminator-field-upload forminator-col forminator-col-12 \"><div class=\"forminator-field\"><label for=\"forminator-field-upload-2_69d79aef5fa59\" id=\"forminator-field-upload-2_69d79aef5fa59-label\" class=\"forminator-label\">Carregar Imagem Only ( JPG, JPEG , GIF, TIF , DOC, DOCX )<\/label><div class=\"forminator-file-upload \" data-element=\"upload-2_69d79aef5fa59\"><input type=\"file\" name=\"upload-2\" id=\"forminator-field-upload-2_69d79aef5fa59\" class=\"forminator-input-file\" accept=\".avif,.heif,.heics,.heifs,.asf,.asx,.wmv,.wmx,.wm,.avi,.divx,.flv,.mov,.qt,.mpeg,.mpg,.mpe,.mp4,.m4v,.ogv,.webm,.mkv,.3gp,.3gpp,.3g2,.3gp2,.txt,.asc,.c,.cc,.h,.srt,.csv,.tsv,.ics,.rtx,.vtt,.mp3,.m4a,.m4b,.aac,.ra,.ram,.wav,.x-wav,.ogg,.oga,.flac,.mid,.midi,.wma,.wax,.mka,.rtf,.class,.tar,.zip,.gz,.gzip,.7z,.xla,.xls,.xlt,.xlw,.xlsx,.xlsm,.xlsb,.xltx,.xltm,.xlam,.pptx,.pptm,.ppsx,.ppsm,.potx,.potm,.ppam,.sldx,.sldm,.ods,.key,.numbers,.jpg,.jpeg,.jpe,.gif,.tiff,.tif,.doc,.docx\" tabindex=\"-1\"><button id=\"forminator-field-upload-2_69d79aef5fa59_button\" class=\"forminator-button forminator-button-upload\" data-id=\"forminator-field-upload-2_69d79aef5fa59\">Choose File<\/button><span data-empty-text=\"No file chosen\">No file chosen<\/span><button class=\"forminator-button-delete\" style=\"display: none;\"><i class=\"forminator-icon-close\" aria-hidden=\"true\"><\/i><span class=\"forminator-screen-reader-only\">Delete uploaded file<\/span><\/button><\/div><\/div><\/div><\/div><div class=\"forminator-row\"><div id=\"upload-3\" class=\"forminator-field-upload forminator-col forminator-col-12 \"><div class=\"forminator-field\"><label for=\"forminator-field-upload-3_69d79aef5fa59\" id=\"forminator-field-upload-3_69d79aef5fa59-label\" class=\"forminator-label\">Carregar Imagem Only ( JPG, JPEG , GIF, TIF , DOC, DOCX )<\/label><div class=\"forminator-file-upload \" data-element=\"upload-3_69d79aef5fa59\"><input type=\"file\" name=\"upload-3\" id=\"forminator-field-upload-3_69d79aef5fa59\" class=\"forminator-input-file\" accept=\".avif,.heif,.heics,.heifs,.asf,.asx,.wmv,.wmx,.wm,.avi,.divx,.flv,.mov,.qt,.mpeg,.mpg,.mpe,.mp4,.m4v,.ogv,.webm,.mkv,.3gp,.3gpp,.3g2,.3gp2,.txt,.asc,.c,.cc,.h,.srt,.csv,.tsv,.ics,.rtx,.vtt,.mp3,.m4a,.m4b,.aac,.ra,.ram,.wav,.x-wav,.ogg,.oga,.flac,.mid,.midi,.wma,.wax,.mka,.rtf,.class,.tar,.zip,.gz,.gzip,.7z,.xla,.xls,.xlt,.xlw,.xlsx,.xlsm,.xlsb,.xltx,.xltm,.xlam,.pptx,.pptm,.ppsx,.ppsm,.potx,.potm,.ppam,.sldx,.sldm,.ods,.key,.numbers,.jpg,.jpeg,.jpe,.gif,.tiff,.tif,.doc,.docx\" tabindex=\"-1\"><button id=\"forminator-field-upload-3_69d79aef5fa59_button\" class=\"forminator-button forminator-button-upload\" data-id=\"forminator-field-upload-3_69d79aef5fa59\">Choose File<\/button><span data-empty-text=\"No file chosen\">No file chosen<\/span><button class=\"forminator-button-delete\" style=\"display: none;\"><i class=\"forminator-icon-close\" aria-hidden=\"true\"><\/i><span class=\"forminator-screen-reader-only\">Delete uploaded file<\/span><\/button><\/div><\/div><\/div><\/div><div class=\"forminator-row\"><div id=\"text-9\" class=\"forminator-field-text forminator-col forminator-col-12 \"><div class=\"forminator-field\"><label for=\"forminator-field-text-9_69d79aef5fa59\" id=\"forminator-field-text-9_69d79aef5fa59-label\" class=\"forminator-label\">C\u00f3digo De Promo\u00e7\u00e3o<\/label><input type=\"text\" name=\"text-9\" value=\"\" placeholder=\"\" id=\"forminator-field-text-9_69d79aef5fa59\" class=\"forminator-input forminator-name--field\" data-required=\"\" \/><\/div><\/div><\/div><div class=\"forminator-row\"><div id=\"textarea-2\" class=\"forminator-field-textarea forminator-col forminator-col-12 \"><div class=\"forminator-field\"><label for=\"forminator-field-textarea-2_69d79aef5fa59\" id=\"forminator-field-textarea-2_69d79aef5fa59-label\" class=\"forminator-label\">Como Voc\u00ea Ouviu sobre N\u00f3s?<\/label><textarea name=\"textarea-2\" placeholder=\"\" id=\"forminator-field-textarea-2_69d79aef5fa59\" class=\"forminator-textarea\" rows=\"6\" style=\"min-height:140px;\" ><\/textarea><\/div><\/div><\/div><div class=\"forminator-row\"><div id=\"captcha-1\" class=\"forminator-field-captcha forminator-col forminator-col-12 \"><div class=\"forminator-captcha-left forminator-g-recaptcha\" data-theme=\"light\"  data-sitekey=\"6LdKBQYrAAAAAKQ-KMclCRnXQ5aMvPhUYWVKvExp\" data-size=\"normal\"><\/div> <\/div><\/div><input type=\"hidden\" name=\"referer_url\" value=\"\" \/><div class=\"forminator-row forminator-row-last\"><div class=\"forminator-col\"><div class=\"forminator-field\"><button class=\"forminator-button forminator-button-submit\">Submit<\/button><\/div><\/div><\/div><input type=\"hidden\" id=\"forminator_nonce\" name=\"forminator_nonce\" value=\"b03016c0b3\" \/><input type=\"hidden\" name=\"_wp_http_referer\" value=\"\/pt\/wp-json\/wp\/v2\/pages\/328\" \/><input type=\"hidden\" name=\"form_id\" value=\"1567\"><input type=\"hidden\" name=\"page_id\" value=\"328\"><input type=\"hidden\" name=\"form_type\" value=\"default\"><input type=\"hidden\" name=\"current_url\" value=\"https:\/\/internationalscienceediting.com\/pt\/servico-de-ilustracao\/\"><input type=\"hidden\" name=\"render_id\" value=\"0\"><input type=\"hidden\" name=\"action\" value=\"forminator_submit_form_custom-forms\"><\/form>\n","protected":false},"excerpt":{"rendered":"<p>Os nossos ilustradores de ci\u00eancia e medicina podem criar imagens profissionais, de qualidade superior, para o seu artigo, livro ou apresenta\u00e7\u00e3o.\u00a0Os or\u00e7amentos s\u00e3o gratuitos. Pe\u00e7a um or\u00e7amento gratuito, fornecendo todos os detalhes dos seus requisitos, e receba-o no prazo de um dia \u00fatil. \u00a0Por favor complete este formul\u00e1rio\u00a0ou envie-nos um email:\u00a0artwork@internationalscienceediting.com Servi\u00e7o de Ilustra\u00e7\u00e3o: Pe\u00e7a [&hellip;]<\/p>\n","protected":false},"author":5,"featured_media":528,"parent":0,"menu_order":0,"comment_status":"closed","ping_status":"closed","template":"","meta":{"_genesis_hide_title":false,"_genesis_hide_breadcrumbs":false,"_genesis_hide_singular_image":false,"_genesis_hide_footer_widgets":false,"_genesis_custom_body_class":"","_genesis_custom_post_class":"","_genesis_layout":"","footnotes":""},"class_list":{"0":"post-328","1":"page","2":"type-page","3":"status-publish","4":"has-post-thumbnail","6":"entry"},"yoast_head":"<!-- This site is optimized with the Yoast SEO plugin v26.7 - https:\/\/yoast.com\/wordpress\/plugins\/seo\/ -->\n<title>Servi\u00e7o de Ilustra\u00e7\u00e3o - International Science Editing_PT<\/title>\n<meta name=\"description\" content=\"Servi\u00e7o de Ilustra\u00e7\u00e3o:Os nossos ilustradores de ci\u00eancia e medicina podem criar imagens profissionais, de qualidade superior\" \/>\n<meta name=\"robots\" content=\"index, follow, max-snippet:-1, max-image-preview:large, max-video-preview:-1\" \/>\n<link rel=\"canonical\" href=\"https:\/\/internationalscienceediting.com\/pt\/servico-de-ilustracao\/\" \/>\n<meta property=\"og:locale\" content=\"en_US\" \/>\n<meta property=\"og:type\" content=\"article\" \/>\n<meta property=\"og:title\" content=\"Servi\u00e7o de Ilustra\u00e7\u00e3o - International Science Editing_PT\" \/>\n<meta property=\"og:description\" content=\"Servi\u00e7o de Ilustra\u00e7\u00e3o:Os nossos ilustradores de ci\u00eancia e medicina podem criar imagens profissionais, de qualidade superior\" \/>\n<meta property=\"og:url\" content=\"https:\/\/internationalscienceediting.com\/pt\/servico-de-ilustracao\/\" \/>\n<meta property=\"og:site_name\" content=\"International Science Editing_PT\" \/>\n<meta property=\"article:modified_time\" content=\"2025-09-15T07:09:51+00:00\" \/>\n<meta property=\"og:image\" content=\"https:\/\/internationalscienceediting.com\/pt\/wp-content\/uploads\/2014\/07\/Illustration-Service.jpg\" \/>\n\t<meta property=\"og:image:width\" content=\"1000\" \/>\n\t<meta property=\"og:image:height\" content=\"1000\" \/>\n\t<meta property=\"og:image:type\" content=\"image\/jpeg\" \/>\n<meta name=\"twitter:card\" content=\"summary_large_image\" \/>\n<script type=\"application\/ld+json\" class=\"yoast-schema-graph\">{\"@context\":\"https:\/\/schema.org\",\"@graph\":[{\"@type\":\"WebPage\",\"@id\":\"https:\/\/internationalscienceediting.com\/pt\/servico-de-ilustracao\/\",\"url\":\"https:\/\/internationalscienceediting.com\/pt\/servico-de-ilustracao\/\",\"name\":\"Servi\u00e7o de Ilustra\u00e7\u00e3o - International Science Editing_PT\",\"isPartOf\":{\"@id\":\"https:\/\/internationalscienceediting.com\/pt\/#website\"},\"primaryImageOfPage\":{\"@id\":\"https:\/\/internationalscienceediting.com\/pt\/servico-de-ilustracao\/#primaryimage\"},\"image\":{\"@id\":\"https:\/\/internationalscienceediting.com\/pt\/servico-de-ilustracao\/#primaryimage\"},\"thumbnailUrl\":\"https:\/\/internationalscienceediting.com\/pt\/wp-content\/uploads\/2014\/07\/Illustration-Service.jpg\",\"datePublished\":\"2014-07-28T09:54:56+00:00\",\"dateModified\":\"2025-09-15T07:09:51+00:00\",\"description\":\"Servi\u00e7o de Ilustra\u00e7\u00e3o:Os nossos ilustradores de ci\u00eancia e medicina podem criar imagens profissionais, de qualidade superior\",\"breadcrumb\":{\"@id\":\"https:\/\/internationalscienceediting.com\/pt\/servico-de-ilustracao\/#breadcrumb\"},\"inLanguage\":\"en-US\",\"potentialAction\":[{\"@type\":\"ReadAction\",\"target\":[\"https:\/\/internationalscienceediting.com\/pt\/servico-de-ilustracao\/\"]}]},{\"@type\":\"ImageObject\",\"inLanguage\":\"en-US\",\"@id\":\"https:\/\/internationalscienceediting.com\/pt\/servico-de-ilustracao\/#primaryimage\",\"url\":\"https:\/\/internationalscienceediting.com\/pt\/wp-content\/uploads\/2014\/07\/Illustration-Service.jpg\",\"contentUrl\":\"https:\/\/internationalscienceediting.com\/pt\/wp-content\/uploads\/2014\/07\/Illustration-Service.jpg\",\"width\":1000,\"height\":1000,\"caption\":\"science and medical illustrations service\"},{\"@type\":\"BreadcrumbList\",\"@id\":\"https:\/\/internationalscienceediting.com\/pt\/servico-de-ilustracao\/#breadcrumb\",\"itemListElement\":[{\"@type\":\"ListItem\",\"position\":1,\"name\":\"Home\",\"item\":\"https:\/\/internationalscienceediting.com\/pt\/\"},{\"@type\":\"ListItem\",\"position\":2,\"name\":\"Servi\u00e7o de Ilustra\u00e7\u00e3o\"}]},{\"@type\":\"WebSite\",\"@id\":\"https:\/\/internationalscienceediting.com\/pt\/#website\",\"url\":\"https:\/\/internationalscienceediting.com\/pt\/\",\"name\":\"International Science Editing_PT\",\"description\":\"Providers of Premier Scientific Editing Services\",\"potentialAction\":[{\"@type\":\"SearchAction\",\"target\":{\"@type\":\"EntryPoint\",\"urlTemplate\":\"https:\/\/internationalscienceediting.com\/pt\/?s={search_term_string}\"},\"query-input\":{\"@type\":\"PropertyValueSpecification\",\"valueRequired\":true,\"valueName\":\"search_term_string\"}}],\"inLanguage\":\"en-US\"}]}<\/script>\n<!-- \/ Yoast SEO plugin. -->","yoast_head_json":{"title":"Servi\u00e7o de Ilustra\u00e7\u00e3o - International Science Editing_PT","description":"Servi\u00e7o de Ilustra\u00e7\u00e3o:Os nossos ilustradores de ci\u00eancia e medicina podem criar imagens profissionais, de qualidade superior","robots":{"index":"index","follow":"follow","max-snippet":"max-snippet:-1","max-image-preview":"max-image-preview:large","max-video-preview":"max-video-preview:-1"},"canonical":"https:\/\/internationalscienceediting.com\/pt\/servico-de-ilustracao\/","og_locale":"en_US","og_type":"article","og_title":"Servi\u00e7o de Ilustra\u00e7\u00e3o - International Science Editing_PT","og_description":"Servi\u00e7o de Ilustra\u00e7\u00e3o:Os nossos ilustradores de ci\u00eancia e medicina podem criar imagens profissionais, de qualidade superior","og_url":"https:\/\/internationalscienceediting.com\/pt\/servico-de-ilustracao\/","og_site_name":"International Science Editing_PT","article_modified_time":"2025-09-15T07:09:51+00:00","og_image":[{"width":1000,"height":1000,"url":"https:\/\/internationalscienceediting.com\/pt\/wp-content\/uploads\/2014\/07\/Illustration-Service.jpg","type":"image\/jpeg"}],"twitter_card":"summary_large_image","schema":{"@context":"https:\/\/schema.org","@graph":[{"@type":"WebPage","@id":"https:\/\/internationalscienceediting.com\/pt\/servico-de-ilustracao\/","url":"https:\/\/internationalscienceediting.com\/pt\/servico-de-ilustracao\/","name":"Servi\u00e7o de Ilustra\u00e7\u00e3o - International Science Editing_PT","isPartOf":{"@id":"https:\/\/internationalscienceediting.com\/pt\/#website"},"primaryImageOfPage":{"@id":"https:\/\/internationalscienceediting.com\/pt\/servico-de-ilustracao\/#primaryimage"},"image":{"@id":"https:\/\/internationalscienceediting.com\/pt\/servico-de-ilustracao\/#primaryimage"},"thumbnailUrl":"https:\/\/internationalscienceediting.com\/pt\/wp-content\/uploads\/2014\/07\/Illustration-Service.jpg","datePublished":"2014-07-28T09:54:56+00:00","dateModified":"2025-09-15T07:09:51+00:00","description":"Servi\u00e7o de Ilustra\u00e7\u00e3o:Os nossos ilustradores de ci\u00eancia e medicina podem criar imagens profissionais, de qualidade superior","breadcrumb":{"@id":"https:\/\/internationalscienceediting.com\/pt\/servico-de-ilustracao\/#breadcrumb"},"inLanguage":"en-US","potentialAction":[{"@type":"ReadAction","target":["https:\/\/internationalscienceediting.com\/pt\/servico-de-ilustracao\/"]}]},{"@type":"ImageObject","inLanguage":"en-US","@id":"https:\/\/internationalscienceediting.com\/pt\/servico-de-ilustracao\/#primaryimage","url":"https:\/\/internationalscienceediting.com\/pt\/wp-content\/uploads\/2014\/07\/Illustration-Service.jpg","contentUrl":"https:\/\/internationalscienceediting.com\/pt\/wp-content\/uploads\/2014\/07\/Illustration-Service.jpg","width":1000,"height":1000,"caption":"science and medical illustrations service"},{"@type":"BreadcrumbList","@id":"https:\/\/internationalscienceediting.com\/pt\/servico-de-ilustracao\/#breadcrumb","itemListElement":[{"@type":"ListItem","position":1,"name":"Home","item":"https:\/\/internationalscienceediting.com\/pt\/"},{"@type":"ListItem","position":2,"name":"Servi\u00e7o de Ilustra\u00e7\u00e3o"}]},{"@type":"WebSite","@id":"https:\/\/internationalscienceediting.com\/pt\/#website","url":"https:\/\/internationalscienceediting.com\/pt\/","name":"International Science Editing_PT","description":"Providers of Premier Scientific Editing Services","potentialAction":[{"@type":"SearchAction","target":{"@type":"EntryPoint","urlTemplate":"https:\/\/internationalscienceediting.com\/pt\/?s={search_term_string}"},"query-input":{"@type":"PropertyValueSpecification","valueRequired":true,"valueName":"search_term_string"}}],"inLanguage":"en-US"}]}},"_links":{"self":[{"href":"https:\/\/internationalscienceediting.com\/pt\/wp-json\/wp\/v2\/pages\/328","targetHints":{"allow":["GET"]}}],"collection":[{"href":"https:\/\/internationalscienceediting.com\/pt\/wp-json\/wp\/v2\/pages"}],"about":[{"href":"https:\/\/internationalscienceediting.com\/pt\/wp-json\/wp\/v2\/types\/page"}],"author":[{"embeddable":true,"href":"https:\/\/internationalscienceediting.com\/pt\/wp-json\/wp\/v2\/users\/5"}],"replies":[{"embeddable":true,"href":"https:\/\/internationalscienceediting.com\/pt\/wp-json\/wp\/v2\/comments?post=328"}],"version-history":[{"count":17,"href":"https:\/\/internationalscienceediting.com\/pt\/wp-json\/wp\/v2\/pages\/328\/revisions"}],"predecessor-version":[{"id":1568,"href":"https:\/\/internationalscienceediting.com\/pt\/wp-json\/wp\/v2\/pages\/328\/revisions\/1568"}],"wp:featuredmedia":[{"embeddable":true,"href":"https:\/\/internationalscienceediting.com\/pt\/wp-json\/wp\/v2\/media\/528"}],"wp:attachment":[{"href":"https:\/\/internationalscienceediting.com\/pt\/wp-json\/wp\/v2\/media?parent=328"}],"curies":[{"name":"wp","href":"https:\/\/api.w.org\/{rel}","templated":true}]}}