{"id":332,"date":"2014-07-28T09:56:50","date_gmt":"2014-07-28T09:56:50","guid":{"rendered":"http:\/\/www.internationalscienceediting.com\/pt\/?page_id=332"},"modified":"2021-02-01T11:46:07","modified_gmt":"2021-02-01T11:46:07","slug":"formatacao","status":"publish","type":"page","link":"https:\/\/internationalscienceediting.com\/pt\/formatacao\/","title":{"rendered":"Formata\u00e7\u00e3o"},"content":{"rendered":"<p><a href=\"https:\/\/internationalscienceediting.com\/pt\/wp-content\/uploads\/2014\/07\/journals-300x197.gif\"><img loading=\"lazy\" decoding=\"async\" class=\"size-full wp-image-333 aligncenter\" src=\"https:\/\/internationalscienceediting.com\/pt\/wp-content\/uploads\/2014\/07\/journals-300x197.gif\" alt=\"journals-300x197\" width=\"300\" height=\"197\"><\/a><\/p>\n<p>&nbsp;<\/p>\n<p>Quando decidir submeter o seu artigo a uma determinada publica\u00e7\u00e3o, a&nbsp;<span style=\"color: #145b1d;\"><strong>International Science Editing&nbsp;<\/strong><\/span>pode moldar o seu artigo aos requisitos espec\u00edficos dessa publica\u00e7\u00e3o, em termos de estrutura e formato, n\u00famero de palavras, estilo de refer\u00eancias, unidades de medida preferidas, ortografia, especifica\u00e7\u00f5es gr\u00e1ficas, etc. Ler e decifrar as instru\u00e7\u00f5es detalhadas para autores, de cada publica\u00e7\u00e3o, pode ser uma tarefa demorada e laboriosa. N\u00f3s podemos verificar se o seu artigo cumpre com os requisitos da revista e aconselh\u00e1-lo acerca de qualquer material adicional que possa necessitar de incluir na sua submiss\u00e3o, como, por exemplo, uma declara\u00e7\u00e3o de conflitos de interesses, uma declara\u00e7\u00e3o de \u00e9tica, uma declara\u00e7\u00e3o de direitos de autor assinada, etc. Voc\u00ea pode ter preparado o seu artigo usando o estilo de refer\u00eancia de <em><i>Harvard<\/i><\/em> (com nomes e datas) enquanto a publica\u00e7\u00e3o prefere o estilo <em><i>Vancouver<\/i><\/em> (numerado), e n\u00f3s podemos alterar isso por si. Muitos artigos excelentes podem ser imediatamente rejeitados por publica\u00e7\u00f5es de grande procura se n\u00e3o seguirem as suas orienta\u00e7\u00f5es b\u00e1sicas.<\/p>\n\n<div id=\"vfb-form-1\" class=\"visual-form-builder-container\"><form id=\"language-editing-1\" class=\"visual-form-builder vfb-form-1 \" method=\"post\" enctype=\"multipart\/form-data\">\n\t  \t<input type=\"hidden\" name=\"form_id\" value=\"1\" \/><fieldset class=\"vfb-fieldset vfb-fieldset-1 ise-quotation-form \" id=\"item-vfb-1\"><div class=\"vfb-legend\"><h3>ISE Quotation FORM<\/h3><\/div><ul class=\"vfb-section vfb-section-1\"><li class=\"vfb-item vfb-item-text  \" id=\"item-vfb-11\"><label for=\"vfb-11\" class=\"vfb-desc\">Nome  <span class=\"vfb-required-asterisk\">*<\/span><\/label><input type=\"text\" name=\"vfb-11\" id=\"vfb-11\" value=\"\" class=\"vfb-text  vfb-medium  required  \" \/><\/li><li class=\"vfb-item vfb-item-text  \" id=\"item-vfb-10\"><label for=\"vfb-10\" class=\"vfb-desc\">Institui\u00e7\u00e3o Nome (Universidade, Empregador, etc.)  <span class=\"vfb-required-asterisk\">*<\/span><\/label><input type=\"text\" name=\"vfb-10\" id=\"vfb-10\" value=\"\" class=\"vfb-text  vfb-medium  required  \" \/><\/li><li class=\"vfb-item vfb-item-text  \" id=\"item-vfb-12\"><label for=\"vfb-12\" class=\"vfb-desc\">Departamento  <span class=\"vfb-required-asterisk\">*<\/span><\/label><input type=\"text\" name=\"vfb-12\" id=\"vfb-12\" value=\"\" class=\"vfb-text  vfb-medium  required  \" \/><\/li><li class=\"vfb-item vfb-item-text  \" id=\"item-vfb-13\"><label for=\"vfb-13\" class=\"vfb-desc\">E-mail Corporativo  <span class=\"vfb-required-asterisk\">*<\/span><\/label><input type=\"text\" name=\"vfb-13\" id=\"vfb-13\" value=\"\" class=\"vfb-text  vfb-medium  required  email \" \/><\/li><li class=\"vfb-item vfb-item-text  \" id=\"item-vfb-14\"><label for=\"vfb-14\" class=\"vfb-desc\">Por favor, Confirme E-mail Corporativo  <span class=\"vfb-required-asterisk\">*<\/span><\/label><input type=\"text\" name=\"vfb-14\" id=\"vfb-14\" value=\"\" class=\"vfb-text  vfb-medium  required  email \" \/><\/li><li class=\"vfb-item vfb-item-text  \" id=\"item-vfb-22\"><label for=\"vfb-22\" class=\"vfb-desc\">Email Alternativo <\/label><input type=\"text\" name=\"vfb-22\" id=\"vfb-22\" value=\"\" class=\"vfb-text  vfb-medium   email \" \/><\/li><li class=\"vfb-item vfb-item-text  \" id=\"item-vfb-21\"><label for=\"vfb-21\" class=\"vfb-desc\">T\u00edtulo do Artigo  <span class=\"vfb-required-asterisk\">*<\/span><\/label><input type=\"text\" name=\"vfb-21\" id=\"vfb-21\" value=\"\" class=\"vfb-text  vfb-medium  required  \" \/><\/li><li class=\"vfb-item vfb-item-textarea  \" id=\"item-vfb-15\"><label for=\"vfb-15\" class=\"vfb-desc\">Coment\u00e1rios <\/label><div><textarea name=\"vfb-15\" id=\"vfb-15\" class=\"vfb-textarea  vfb-medium  \"><\/textarea><\/div><\/li><li class=\"vfb-item vfb-item-file-upload  \" id=\"item-vfb-16\"><label for=\"vfb-16\" class=\"vfb-desc\">Carregar Artigo  <span class=\"vfb-required-asterisk\">*<\/span><\/label><input type=\"file\" name=\"vfb-16\" id=\"vfb-16\" value=\"\" class=\"vfb-text  vfb-medium  required   \" \/><\/li><li class=\"vfb-item vfb-item-file-upload  \" id=\"item-vfb-17\"><label for=\"vfb-17\" class=\"vfb-desc\">Carregar Artigo <\/label><input type=\"file\" name=\"vfb-17\" id=\"vfb-17\" value=\"\" class=\"vfb-text  vfb-medium    \" \/><\/li><li class=\"vfb-item vfb-item-file-upload  \" id=\"item-vfb-18\"><label for=\"vfb-18\" class=\"vfb-desc\">Carregar Artigo <\/label><input type=\"file\" name=\"vfb-18\" id=\"vfb-18\" value=\"\" class=\"vfb-text  vfb-medium     {accept:'png|jpe?g|gif'}\" \/><\/li><li class=\"vfb-item vfb-item-text  \" id=\"item-vfb-19\"><label for=\"vfb-19\" class=\"vfb-desc\">C\u00f3digo De Promo\u00e7\u00e3o <\/label><input type=\"text\" name=\"vfb-19\" id=\"vfb-19\" value=\"\" class=\"vfb-text  vfb-medium   \" \/><\/li><li class=\"vfb-item vfb-item-textarea  \" id=\"item-vfb-20\"><label for=\"vfb-20\" class=\"vfb-desc\">Como Voc\u00ea Ouviu sobre N\u00f3s? <\/label><div><textarea name=\"vfb-20\" id=\"vfb-20\" class=\"vfb-textarea  vfb-medium  \"><\/textarea><\/div><\/li><\/ul>&nbsp;<\/fieldset><fieldset class=\"vfb-fieldset vfb-fieldset-2 verificacao \" id=\"item-vfb-2\" style=\"display:block\"><div class=\"vfb-legend\"><h3>Verifica\u00e7\u00e3o<\/h3><\/div><ul class=\"vfb-section vfb-section-2\"><li class=\"vfb-item vfb-item-secret\"  style=\"display:block\"><label for=\"vfb-3\" class=\"vfb-desc\">Por favor insira os dois d\u00edgitos <span class=\"vfb-required-asterisk\">*<\/span><\/label><input type=\"hidden\" name=\"_vfb-secret\" value=\"vfb-3\" \/><span class=\"vfb-span\"><input type=\"text\" name=\"vfb-3\" id=\"vfb-3\" value=\"\" class=\"vfb-text  vfb-medium  required {digits:true,maxlength:2,minlength:2} \" style=\"display:block\" \/><label>Example: 12<\/label><\/span><li style=\"display:none;\"><label>This box is for spam protection - &lt;strong&gt;please leave it blank&lt;\/strong&gt;:<\/label><div><input name=\"vfb-spam\" \/><\/div><\/li>\n\t\t\t<li class=\"vfb-item vfb-item-submit\" id=\"item-vfb-4\">\n\t\t\t\t<input type=\"submit\" name=\"vfb-submit\" id=\"vfb-4\" value=\"Submeter\" class=\"vfb-submit \" \/>\n\t\t\t\t<\/li><\/ul>\n\t\t\t<\/fieldset><input type=\"hidden\" name=\"_wp_http_referer\" value=\"\/pt\/wp-json\/wp\/v2\/pages\/332\" \/><\/form><\/div> <!-- .visual-form-builder-container -->\n","protected":false},"excerpt":{"rendered":"<p>&nbsp; Quando decidir submeter o seu artigo a uma determinada publica\u00e7\u00e3o, a&nbsp;International Science Editing&nbsp;pode moldar o seu artigo aos requisitos espec\u00edficos dessa publica\u00e7\u00e3o, em termos de estrutura e formato, n\u00famero de palavras, estilo de refer\u00eancias, unidades de medida preferidas, ortografia, especifica\u00e7\u00f5es gr\u00e1ficas, etc. Ler e decifrar as instru\u00e7\u00f5es detalhadas para autores, de cada publica\u00e7\u00e3o, pode [&hellip;]<\/p>\n","protected":false},"author":5,"featured_media":333,"parent":0,"menu_order":0,"comment_status":"closed","ping_status":"closed","template":"","meta":{"_genesis_hide_title":false,"_genesis_hide_breadcrumbs":false,"_genesis_hide_singular_image":false,"_genesis_hide_footer_widgets":false,"_genesis_custom_body_class":"","_genesis_custom_post_class":"","_genesis_layout":"","footnotes":""},"class_list":{"0":"post-332","1":"page","2":"type-page","3":"status-publish","4":"has-post-thumbnail","6":"entry"},"yoast_head":"<!-- This site is optimized with the Yoast SEO plugin v26.7 - https:\/\/yoast.com\/wordpress\/plugins\/seo\/ -->\n<title>Formata\u00e7\u00e3o - International Science Editing_PT<\/title>\n<meta name=\"description\" content=\"Formata\u00e7\u00e3o: Ler e decifrar as instru\u00e7\u00f5es detalhadas para autores, de cada publica\u00e7\u00e3o, pode ser uma tarefa demorada e laboriosa.\" \/>\n<meta name=\"robots\" content=\"index, follow, max-snippet:-1, max-image-preview:large, max-video-preview:-1\" \/>\n<link rel=\"canonical\" href=\"https:\/\/internationalscienceediting.com\/pt\/formatacao\/\" \/>\n<meta property=\"og:locale\" content=\"en_US\" \/>\n<meta property=\"og:type\" content=\"article\" \/>\n<meta property=\"og:title\" content=\"Formata\u00e7\u00e3o - International Science Editing_PT\" \/>\n<meta property=\"og:description\" content=\"Formata\u00e7\u00e3o: Ler e decifrar as instru\u00e7\u00f5es detalhadas para autores, de cada publica\u00e7\u00e3o, pode ser uma tarefa demorada e laboriosa.\" \/>\n<meta property=\"og:url\" content=\"https:\/\/internationalscienceediting.com\/pt\/formatacao\/\" \/>\n<meta property=\"og:site_name\" content=\"International Science Editing_PT\" \/>\n<meta property=\"article:modified_time\" content=\"2021-02-01T11:46:07+00:00\" \/>\n<meta property=\"og:image\" content=\"https:\/\/internationalscienceediting.com\/pt\/wp-content\/uploads\/2014\/07\/journals-300x197.gif\" \/>\n\t<meta property=\"og:image:width\" content=\"300\" \/>\n\t<meta property=\"og:image:height\" content=\"197\" \/>\n\t<meta property=\"og:image:type\" content=\"image\/gif\" \/>\n<meta name=\"twitter:card\" content=\"summary_large_image\" \/>\n<meta name=\"twitter:label1\" content=\"Est. reading time\" \/>\n\t<meta name=\"twitter:data1\" content=\"1 minute\" \/>\n<script type=\"application\/ld+json\" class=\"yoast-schema-graph\">{\"@context\":\"https:\/\/schema.org\",\"@graph\":[{\"@type\":\"WebPage\",\"@id\":\"https:\/\/internationalscienceediting.com\/pt\/formatacao\/\",\"url\":\"https:\/\/internationalscienceediting.com\/pt\/formatacao\/\",\"name\":\"Formata\u00e7\u00e3o - International Science Editing_PT\",\"isPartOf\":{\"@id\":\"https:\/\/internationalscienceediting.com\/pt\/#website\"},\"primaryImageOfPage\":{\"@id\":\"https:\/\/internationalscienceediting.com\/pt\/formatacao\/#primaryimage\"},\"image\":{\"@id\":\"https:\/\/internationalscienceediting.com\/pt\/formatacao\/#primaryimage\"},\"thumbnailUrl\":\"https:\/\/internationalscienceediting.com\/pt\/wp-content\/uploads\/2014\/07\/journals-300x197.gif\",\"datePublished\":\"2014-07-28T09:56:50+00:00\",\"dateModified\":\"2021-02-01T11:46:07+00:00\",\"description\":\"Formata\u00e7\u00e3o: Ler e decifrar as instru\u00e7\u00f5es detalhadas para autores, de cada publica\u00e7\u00e3o, pode ser uma tarefa demorada e laboriosa.\",\"breadcrumb\":{\"@id\":\"https:\/\/internationalscienceediting.com\/pt\/formatacao\/#breadcrumb\"},\"inLanguage\":\"en-US\",\"potentialAction\":[{\"@type\":\"ReadAction\",\"target\":[\"https:\/\/internationalscienceediting.com\/pt\/formatacao\/\"]}]},{\"@type\":\"ImageObject\",\"inLanguage\":\"en-US\",\"@id\":\"https:\/\/internationalscienceediting.com\/pt\/formatacao\/#primaryimage\",\"url\":\"https:\/\/internationalscienceediting.com\/pt\/wp-content\/uploads\/2014\/07\/journals-300x197.gif\",\"contentUrl\":\"https:\/\/internationalscienceediting.com\/pt\/wp-content\/uploads\/2014\/07\/journals-300x197.gif\",\"width\":300,\"height\":197},{\"@type\":\"BreadcrumbList\",\"@id\":\"https:\/\/internationalscienceediting.com\/pt\/formatacao\/#breadcrumb\",\"itemListElement\":[{\"@type\":\"ListItem\",\"position\":1,\"name\":\"Home\",\"item\":\"https:\/\/internationalscienceediting.com\/pt\/\"},{\"@type\":\"ListItem\",\"position\":2,\"name\":\"Formata\u00e7\u00e3o\"}]},{\"@type\":\"WebSite\",\"@id\":\"https:\/\/internationalscienceediting.com\/pt\/#website\",\"url\":\"https:\/\/internationalscienceediting.com\/pt\/\",\"name\":\"International Science Editing_PT\",\"description\":\"Providers of Premier Scientific Editing Services\",\"potentialAction\":[{\"@type\":\"SearchAction\",\"target\":{\"@type\":\"EntryPoint\",\"urlTemplate\":\"https:\/\/internationalscienceediting.com\/pt\/?s={search_term_string}\"},\"query-input\":{\"@type\":\"PropertyValueSpecification\",\"valueRequired\":true,\"valueName\":\"search_term_string\"}}],\"inLanguage\":\"en-US\"}]}<\/script>\n<!-- \/ Yoast SEO plugin. -->","yoast_head_json":{"title":"Formata\u00e7\u00e3o - International Science Editing_PT","description":"Formata\u00e7\u00e3o: Ler e decifrar as instru\u00e7\u00f5es detalhadas para autores, de cada publica\u00e7\u00e3o, pode ser uma tarefa demorada e laboriosa.","robots":{"index":"index","follow":"follow","max-snippet":"max-snippet:-1","max-image-preview":"max-image-preview:large","max-video-preview":"max-video-preview:-1"},"canonical":"https:\/\/internationalscienceediting.com\/pt\/formatacao\/","og_locale":"en_US","og_type":"article","og_title":"Formata\u00e7\u00e3o - International Science Editing_PT","og_description":"Formata\u00e7\u00e3o: Ler e decifrar as instru\u00e7\u00f5es detalhadas para autores, de cada publica\u00e7\u00e3o, pode ser uma tarefa demorada e laboriosa.","og_url":"https:\/\/internationalscienceediting.com\/pt\/formatacao\/","og_site_name":"International Science Editing_PT","article_modified_time":"2021-02-01T11:46:07+00:00","og_image":[{"width":300,"height":197,"url":"https:\/\/internationalscienceediting.com\/pt\/wp-content\/uploads\/2014\/07\/journals-300x197.gif","type":"image\/gif"}],"twitter_card":"summary_large_image","twitter_misc":{"Est. reading time":"1 minute"},"schema":{"@context":"https:\/\/schema.org","@graph":[{"@type":"WebPage","@id":"https:\/\/internationalscienceediting.com\/pt\/formatacao\/","url":"https:\/\/internationalscienceediting.com\/pt\/formatacao\/","name":"Formata\u00e7\u00e3o - International Science Editing_PT","isPartOf":{"@id":"https:\/\/internationalscienceediting.com\/pt\/#website"},"primaryImageOfPage":{"@id":"https:\/\/internationalscienceediting.com\/pt\/formatacao\/#primaryimage"},"image":{"@id":"https:\/\/internationalscienceediting.com\/pt\/formatacao\/#primaryimage"},"thumbnailUrl":"https:\/\/internationalscienceediting.com\/pt\/wp-content\/uploads\/2014\/07\/journals-300x197.gif","datePublished":"2014-07-28T09:56:50+00:00","dateModified":"2021-02-01T11:46:07+00:00","description":"Formata\u00e7\u00e3o: Ler e decifrar as instru\u00e7\u00f5es detalhadas para autores, de cada publica\u00e7\u00e3o, pode ser uma tarefa demorada e laboriosa.","breadcrumb":{"@id":"https:\/\/internationalscienceediting.com\/pt\/formatacao\/#breadcrumb"},"inLanguage":"en-US","potentialAction":[{"@type":"ReadAction","target":["https:\/\/internationalscienceediting.com\/pt\/formatacao\/"]}]},{"@type":"ImageObject","inLanguage":"en-US","@id":"https:\/\/internationalscienceediting.com\/pt\/formatacao\/#primaryimage","url":"https:\/\/internationalscienceediting.com\/pt\/wp-content\/uploads\/2014\/07\/journals-300x197.gif","contentUrl":"https:\/\/internationalscienceediting.com\/pt\/wp-content\/uploads\/2014\/07\/journals-300x197.gif","width":300,"height":197},{"@type":"BreadcrumbList","@id":"https:\/\/internationalscienceediting.com\/pt\/formatacao\/#breadcrumb","itemListElement":[{"@type":"ListItem","position":1,"name":"Home","item":"https:\/\/internationalscienceediting.com\/pt\/"},{"@type":"ListItem","position":2,"name":"Formata\u00e7\u00e3o"}]},{"@type":"WebSite","@id":"https:\/\/internationalscienceediting.com\/pt\/#website","url":"https:\/\/internationalscienceediting.com\/pt\/","name":"International Science Editing_PT","description":"Providers of Premier Scientific Editing Services","potentialAction":[{"@type":"SearchAction","target":{"@type":"EntryPoint","urlTemplate":"https:\/\/internationalscienceediting.com\/pt\/?s={search_term_string}"},"query-input":{"@type":"PropertyValueSpecification","valueRequired":true,"valueName":"search_term_string"}}],"inLanguage":"en-US"}]}},"_links":{"self":[{"href":"https:\/\/internationalscienceediting.com\/pt\/wp-json\/wp\/v2\/pages\/332","targetHints":{"allow":["GET"]}}],"collection":[{"href":"https:\/\/internationalscienceediting.com\/pt\/wp-json\/wp\/v2\/pages"}],"about":[{"href":"https:\/\/internationalscienceediting.com\/pt\/wp-json\/wp\/v2\/types\/page"}],"author":[{"embeddable":true,"href":"https:\/\/internationalscienceediting.com\/pt\/wp-json\/wp\/v2\/users\/5"}],"replies":[{"embeddable":true,"href":"https:\/\/internationalscienceediting.com\/pt\/wp-json\/wp\/v2\/comments?post=332"}],"version-history":[{"count":7,"href":"https:\/\/internationalscienceediting.com\/pt\/wp-json\/wp\/v2\/pages\/332\/revisions"}],"predecessor-version":[{"id":1323,"href":"https:\/\/internationalscienceediting.com\/pt\/wp-json\/wp\/v2\/pages\/332\/revisions\/1323"}],"wp:featuredmedia":[{"embeddable":true,"href":"https:\/\/internationalscienceediting.com\/pt\/wp-json\/wp\/v2\/media\/333"}],"wp:attachment":[{"href":"https:\/\/internationalscienceediting.com\/pt\/wp-json\/wp\/v2\/media?parent=332"}],"curies":[{"name":"wp","href":"https:\/\/api.w.org\/{rel}","templated":true}]}}