{"id":336,"date":"2014-07-28T09:57:16","date_gmt":"2014-07-28T09:57:16","guid":{"rendered":"http:\/\/www.internationalscienceediting.com\/pt\/?page_id=336"},"modified":"2025-05-28T08:49:15","modified_gmt":"2025-05-28T08:49:15","slug":"quem-somos","status":"publish","type":"page","link":"https:\/\/internationalscienceediting.com\/pt\/quem-somos\/","title":{"rendered":"Quem Somos"},"content":{"rendered":"<p><a href=\"https:\/\/internationalscienceediting.com\/pt\/wp-content\/uploads\/2014\/07\/Michael_Cushley.jpg\" aria-hidden=\"true\" tabindex=\"-1\"><img loading=\"lazy\" decoding=\"async\" class=\"alignleft size-full wp-image-359\" src=\"https:\/\/internationalscienceediting.com\/pt\/wp-content\/uploads\/2014\/07\/Michael_Cushley.jpg\" alt=\"Michael_Cushley, founder of International Science Editing\" width=\"202\" height=\"260\" \/><\/a><\/p>\n<p>A <span style=\"color: #145b1d;\"><strong>International Science Editing<\/strong> <\/span> foi fundada em 1991 por Mike Cushley e evoluiu de uma empresa de edi\u00e7\u00e3o de texto de base cient\u00edfica para uma empresa de m\u00eddia moderna, que oferece servi\u00e7os em todas as \u00e1reas da publica\u00e7\u00e3o cient\u00edfica atrav\u00e9s de um n\u00famero de empresas associadas, incluindo a <strong><span style=\"color: #000080;\"><em><i><span onclick=\"window.open('http:\/\/compuscript.com\/', '_blank');\">Compuscript Ltd<\/span><\/i><\/em><\/span>,<\/strong> um dos principais fornecedores de servi\u00e7os de pr\u00e9-publica\u00e7\u00e3o da Europa ao sector de publica\u00e7\u00e3o cient\u00edfica, t\u00e9cnica e m\u00e9dica. Mike Cushley tem mais de 30 anos de experi\u00eancia na \u00e1rea de publica\u00e7\u00e3o e uma compreens\u00e3o intr\u00ednseca do mundo editorial acad\u00eamico, tendo trabalhado como Gestor de Produ\u00e7\u00e3o Editorial da <em><i>Elsevier<\/i><\/em> Irlanda. Preocupado com os \u00edndices de rejei\u00e7\u00e3o, registrados durante os processos de revis\u00e3o por pares, devidos ao mau Ingl\u00eas, Mike fundou a <span style=\"color: #145b1d;\"><strong>International Science Editing.<\/strong> <\/span><\/p>\n<p>No mundo da publica\u00e7\u00e3o cient\u00edfica internacional, a capacidade de escrever num ingl\u00eas de alto n\u00edvel \u00e9 uma grande vantagem que nem todos os cientistas possuem. No entanto, os servi\u00e7os de edi\u00e7\u00e3o da <span style=\"color: #145b1d;\"><strong>International Science Editing<\/strong> <\/span> est\u00e3o dispon\u00edveis para todos os cientistas do mundo. Com a nossa vasta experi\u00eancia na \u00e1rea, temos desenvolvido uma extensa rede de editores qualificados e de confian\u00e7a no Reino Unido, Am\u00e9rica do Norte e Austr\u00e1lia. Todos os nossos editores cient\u00edficos t\u00eam qualifica\u00e7\u00f5es de p\u00f3s-gradua\u00e7\u00e3o, experi\u00eancia em investiga\u00e7\u00e3o cient\u00edfica e s\u00e3o falantes de l\u00edngua materna inglesa. Temos muito orgulho na sele\u00e7\u00e3o e treino dos nossos editores.<\/p>\n<p>Pela nossa vasta experi\u00eancia de trabalho com as principais principais publica\u00e7\u00f5es de ci\u00eancia e medicina, temos um excelente entendimento dos requisitos, tanto do cientista como da publica\u00e7\u00e3o. Esta experi\u00eancia ir\u00e1, sem d\u00favida, melhorar a qualidade de seu artigo e, consequentemente, aumentar o seu sucesso em termos de impacto e cita\u00e7\u00f5es futuras.<\/p>\n<p>Estamos muito satisfeitos por termos mantido, desde o in\u00edcio da empresa, uma forte base de clientes. Isso revela o nosso empenho para com os nossos clientes e sua satisfa\u00e7\u00e3o com a <span style=\"color: #145b1d;\"><strong>International Science Editing<\/strong><\/span>!<\/p>\n<p>Ao longo dos anos, edit\u00e1mos mais de um milh\u00e3o de p\u00e1ginas nas ci\u00eancias da vida, tecnologia e medicina.<\/p>\n<p>&nbsp;<\/p>\n","protected":false},"excerpt":{"rendered":"<p>A International Science Editing foi fundada em 1991 por Mike Cushley e evoluiu de uma empresa de edi\u00e7\u00e3o de texto de base cient\u00edfica para uma empresa de m\u00eddia moderna, que oferece servi\u00e7os em todas as \u00e1reas da publica\u00e7\u00e3o cient\u00edfica atrav\u00e9s de um n\u00famero de empresas associadas, incluindo a Compuscript Ltd, um dos principais fornecedores de [&hellip;]<\/p>\n","protected":false},"author":5,"featured_media":292,"parent":0,"menu_order":0,"comment_status":"open","ping_status":"closed","template":"","meta":{"_genesis_hide_title":false,"_genesis_hide_breadcrumbs":false,"_genesis_hide_singular_image":false,"_genesis_hide_footer_widgets":false,"_genesis_custom_body_class":"","_genesis_custom_post_class":"","_genesis_layout":"","footnotes":""},"class_list":{"0":"post-336","1":"page","2":"type-page","3":"status-publish","4":"has-post-thumbnail","6":"entry"},"yoast_head":"<!-- This site is optimized with the Yoast SEO plugin v26.7 - https:\/\/yoast.com\/wordpress\/plugins\/seo\/ -->\n<title>Quem Somos - International Science Editing_PT<\/title>\n<meta name=\"description\" content=\"Quem Somos: Estamos muito satisfeitos por termos mantido, desde o in\u00edcio da empresa, uma forte base de clientes.\" \/>\n<meta name=\"robots\" content=\"index, follow, max-snippet:-1, max-image-preview:large, max-video-preview:-1\" \/>\n<link rel=\"canonical\" href=\"https:\/\/internationalscienceediting.com\/pt\/quem-somos\/\" \/>\n<meta property=\"og:locale\" content=\"en_US\" \/>\n<meta property=\"og:type\" content=\"article\" \/>\n<meta property=\"og:title\" content=\"Quem Somos - International Science Editing_PT\" \/>\n<meta property=\"og:description\" content=\"Quem Somos: Estamos muito satisfeitos por termos mantido, desde o in\u00edcio da empresa, uma forte base de clientes.\" \/>\n<meta property=\"og:url\" content=\"https:\/\/internationalscienceediting.com\/pt\/quem-somos\/\" \/>\n<meta property=\"og:site_name\" content=\"International Science Editing_PT\" \/>\n<meta property=\"article:modified_time\" content=\"2025-05-28T08:49:15+00:00\" \/>\n<meta property=\"og:image\" content=\"https:\/\/internationalscienceediting.com\/pt\/wp-content\/uploads\/2014\/07\/featured-2.jpg\" \/>\n\t<meta property=\"og:image:width\" content=\"1140\" \/>\n\t<meta property=\"og:image:height\" content=\"445\" \/>\n\t<meta property=\"og:image:type\" content=\"image\/jpeg\" \/>\n<meta name=\"twitter:card\" content=\"summary_large_image\" \/>\n<meta name=\"twitter:label1\" content=\"Est. reading time\" \/>\n\t<meta name=\"twitter:data1\" content=\"2 minutes\" \/>\n<script type=\"application\/ld+json\" class=\"yoast-schema-graph\">{\"@context\":\"https:\/\/schema.org\",\"@graph\":[{\"@type\":\"WebPage\",\"@id\":\"https:\/\/internationalscienceediting.com\/pt\/quem-somos\/\",\"url\":\"https:\/\/internationalscienceediting.com\/pt\/quem-somos\/\",\"name\":\"Quem Somos - International Science Editing_PT\",\"isPartOf\":{\"@id\":\"https:\/\/internationalscienceediting.com\/pt\/#website\"},\"primaryImageOfPage\":{\"@id\":\"https:\/\/internationalscienceediting.com\/pt\/quem-somos\/#primaryimage\"},\"image\":{\"@id\":\"https:\/\/internationalscienceediting.com\/pt\/quem-somos\/#primaryimage\"},\"thumbnailUrl\":\"https:\/\/internationalscienceediting.com\/pt\/wp-content\/uploads\/2014\/07\/featured-2.jpg\",\"datePublished\":\"2014-07-28T09:57:16+00:00\",\"dateModified\":\"2025-05-28T08:49:15+00:00\",\"description\":\"Quem Somos: Estamos muito satisfeitos por termos mantido, desde o in\u00edcio da empresa, uma forte base de clientes.\",\"breadcrumb\":{\"@id\":\"https:\/\/internationalscienceediting.com\/pt\/quem-somos\/#breadcrumb\"},\"inLanguage\":\"en-US\",\"potentialAction\":[{\"@type\":\"ReadAction\",\"target\":[\"https:\/\/internationalscienceediting.com\/pt\/quem-somos\/\"]}]},{\"@type\":\"ImageObject\",\"inLanguage\":\"en-US\",\"@id\":\"https:\/\/internationalscienceediting.com\/pt\/quem-somos\/#primaryimage\",\"url\":\"https:\/\/internationalscienceediting.com\/pt\/wp-content\/uploads\/2014\/07\/featured-2.jpg\",\"contentUrl\":\"https:\/\/internationalscienceediting.com\/pt\/wp-content\/uploads\/2014\/07\/featured-2.jpg\",\"width\":1140,\"height\":445},{\"@type\":\"BreadcrumbList\",\"@id\":\"https:\/\/internationalscienceediting.com\/pt\/quem-somos\/#breadcrumb\",\"itemListElement\":[{\"@type\":\"ListItem\",\"position\":1,\"name\":\"Home\",\"item\":\"https:\/\/internationalscienceediting.com\/pt\/\"},{\"@type\":\"ListItem\",\"position\":2,\"name\":\"Quem Somos\"}]},{\"@type\":\"WebSite\",\"@id\":\"https:\/\/internationalscienceediting.com\/pt\/#website\",\"url\":\"https:\/\/internationalscienceediting.com\/pt\/\",\"name\":\"International Science Editing_PT\",\"description\":\"Providers of Premier Scientific Editing Services\",\"potentialAction\":[{\"@type\":\"SearchAction\",\"target\":{\"@type\":\"EntryPoint\",\"urlTemplate\":\"https:\/\/internationalscienceediting.com\/pt\/?s={search_term_string}\"},\"query-input\":{\"@type\":\"PropertyValueSpecification\",\"valueRequired\":true,\"valueName\":\"search_term_string\"}}],\"inLanguage\":\"en-US\"}]}<\/script>\n<!-- \/ Yoast SEO plugin. -->","yoast_head_json":{"title":"Quem Somos - International Science Editing_PT","description":"Quem Somos: Estamos muito satisfeitos por termos mantido, desde o in\u00edcio da empresa, uma forte base de clientes.","robots":{"index":"index","follow":"follow","max-snippet":"max-snippet:-1","max-image-preview":"max-image-preview:large","max-video-preview":"max-video-preview:-1"},"canonical":"https:\/\/internationalscienceediting.com\/pt\/quem-somos\/","og_locale":"en_US","og_type":"article","og_title":"Quem Somos - International Science Editing_PT","og_description":"Quem Somos: Estamos muito satisfeitos por termos mantido, desde o in\u00edcio da empresa, uma forte base de clientes.","og_url":"https:\/\/internationalscienceediting.com\/pt\/quem-somos\/","og_site_name":"International Science Editing_PT","article_modified_time":"2025-05-28T08:49:15+00:00","og_image":[{"width":1140,"height":445,"url":"https:\/\/internationalscienceediting.com\/pt\/wp-content\/uploads\/2014\/07\/featured-2.jpg","type":"image\/jpeg"}],"twitter_card":"summary_large_image","twitter_misc":{"Est. reading time":"2 minutes"},"schema":{"@context":"https:\/\/schema.org","@graph":[{"@type":"WebPage","@id":"https:\/\/internationalscienceediting.com\/pt\/quem-somos\/","url":"https:\/\/internationalscienceediting.com\/pt\/quem-somos\/","name":"Quem Somos - International Science Editing_PT","isPartOf":{"@id":"https:\/\/internationalscienceediting.com\/pt\/#website"},"primaryImageOfPage":{"@id":"https:\/\/internationalscienceediting.com\/pt\/quem-somos\/#primaryimage"},"image":{"@id":"https:\/\/internationalscienceediting.com\/pt\/quem-somos\/#primaryimage"},"thumbnailUrl":"https:\/\/internationalscienceediting.com\/pt\/wp-content\/uploads\/2014\/07\/featured-2.jpg","datePublished":"2014-07-28T09:57:16+00:00","dateModified":"2025-05-28T08:49:15+00:00","description":"Quem Somos: Estamos muito satisfeitos por termos mantido, desde o in\u00edcio da empresa, uma forte base de clientes.","breadcrumb":{"@id":"https:\/\/internationalscienceediting.com\/pt\/quem-somos\/#breadcrumb"},"inLanguage":"en-US","potentialAction":[{"@type":"ReadAction","target":["https:\/\/internationalscienceediting.com\/pt\/quem-somos\/"]}]},{"@type":"ImageObject","inLanguage":"en-US","@id":"https:\/\/internationalscienceediting.com\/pt\/quem-somos\/#primaryimage","url":"https:\/\/internationalscienceediting.com\/pt\/wp-content\/uploads\/2014\/07\/featured-2.jpg","contentUrl":"https:\/\/internationalscienceediting.com\/pt\/wp-content\/uploads\/2014\/07\/featured-2.jpg","width":1140,"height":445},{"@type":"BreadcrumbList","@id":"https:\/\/internationalscienceediting.com\/pt\/quem-somos\/#breadcrumb","itemListElement":[{"@type":"ListItem","position":1,"name":"Home","item":"https:\/\/internationalscienceediting.com\/pt\/"},{"@type":"ListItem","position":2,"name":"Quem Somos"}]},{"@type":"WebSite","@id":"https:\/\/internationalscienceediting.com\/pt\/#website","url":"https:\/\/internationalscienceediting.com\/pt\/","name":"International Science Editing_PT","description":"Providers of Premier Scientific Editing Services","potentialAction":[{"@type":"SearchAction","target":{"@type":"EntryPoint","urlTemplate":"https:\/\/internationalscienceediting.com\/pt\/?s={search_term_string}"},"query-input":{"@type":"PropertyValueSpecification","valueRequired":true,"valueName":"search_term_string"}}],"inLanguage":"en-US"}]}},"_links":{"self":[{"href":"https:\/\/internationalscienceediting.com\/pt\/wp-json\/wp\/v2\/pages\/336","targetHints":{"allow":["GET"]}}],"collection":[{"href":"https:\/\/internationalscienceediting.com\/pt\/wp-json\/wp\/v2\/pages"}],"about":[{"href":"https:\/\/internationalscienceediting.com\/pt\/wp-json\/wp\/v2\/types\/page"}],"author":[{"embeddable":true,"href":"https:\/\/internationalscienceediting.com\/pt\/wp-json\/wp\/v2\/users\/5"}],"replies":[{"embeddable":true,"href":"https:\/\/internationalscienceediting.com\/pt\/wp-json\/wp\/v2\/comments?post=336"}],"version-history":[{"count":16,"href":"https:\/\/internationalscienceediting.com\/pt\/wp-json\/wp\/v2\/pages\/336\/revisions"}],"predecessor-version":[{"id":1524,"href":"https:\/\/internationalscienceediting.com\/pt\/wp-json\/wp\/v2\/pages\/336\/revisions\/1524"}],"wp:featuredmedia":[{"embeddable":true,"href":"https:\/\/internationalscienceediting.com\/pt\/wp-json\/wp\/v2\/media\/292"}],"wp:attachment":[{"href":"https:\/\/internationalscienceediting.com\/pt\/wp-json\/wp\/v2\/media?parent=336"}],"curies":[{"name":"wp","href":"https:\/\/api.w.org\/{rel}","templated":true}]}}