{"id":394,"date":"2014-08-01T14:09:28","date_gmt":"2014-08-01T14:09:28","guid":{"rendered":"http:\/\/www.internationalscienceediting.com\/pt\/?page_id=394"},"modified":"2025-05-06T11:31:09","modified_gmt":"2025-05-06T11:31:09","slug":"services-for-authors","status":"publish","type":"page","link":"https:\/\/internationalscienceediting.com\/pt\/services-for-authors\/","title":{"rendered":"Servi\u00e7os para Autores"},"content":{"rendered":"<p>A\u00a0<span style=\"color: #145b1d;\"><strong>International Science Editing<\/strong><\/span> oferece uma gama completa de servi\u00e7os para os autores, incluindo a edi\u00e7\u00e3o em l\u00edngua inglesa, ilustra\u00e7\u00e3o e servi\u00e7os de tradu\u00e7\u00e3o.<img loading=\"lazy\" decoding=\"async\" class=\"alignright size-full wp-image-654\" src=\"https:\/\/internationalscienceediting.com\/pt\/wp-content\/uploads\/2014\/08\/med.jpg\" alt=\"illustration services\" width=\"243\" height=\"250\" \/><\/p>\n<h2><a href=\"https:\/\/internationalscienceediting.com\/pt\/language-editing\/\">Edi\u00e7\u00e3o Idiom\u00e1tica<\/a><\/h2>\n<p>N\u00f3s nos encarregaremos da edi\u00e7\u00e3o idiom\u00e1tica e asseguraremos que o seu artigo est\u00e1 isento de erros gramaticais, ortogr\u00e1ficos e\/ou outros erros comuns, enquanto garantimos que o seu manuscrito est\u00e1 escrito no mais correto ingl\u00eas cient\u00edfico antes da submiss\u00e3o. <strong><strong>Carregue o seu manuscrito online, 24 horas por dia, 7 dias por semana,\u00a0<\/strong><\/strong><a href=\"https:\/\/internationalscienceediting.com\/pt\/language-editing\/\"><strong><b>clique aqui<\/b><\/strong><\/a><br \/>\n<b><\/b><\/p>\n<h2><a href=\"https:\/\/internationalscienceediting.com\/pt\/illustration-services\/\">Servi\u00e7os de Ilustra\u00e7\u00e3o<\/a><\/h2>\n<p>Os nossos ilustradores ci\u00eancia e medicina podem criar imagens profissionais, de qualidade superior para o seu artigo, livro ou apresenta\u00e7\u00e3o. Pe\u00e7a um or\u00e7amento gratuito, fornecendo todos os detalhes dos requisitos, e receba-o no dentro de um dia \u00fatil.\u00a0 Envie-nos um email: <strong><a href=\"mailto:artwork@internationalscienceediting.com\">artwork@internationalscienceediting.com<\/a><\/strong><\/p>\n<h2><a href=\"https:\/\/internationalscienceediting.com\/pt\/in-depth-editing\/\">Edi\u00e7\u00e3o Aprofundada<\/a><\/h2>\n<p>O nosso servi\u00e7o de edi\u00e7\u00e3o aprofundada pode melhorar significativamente o seu artigo em termos de clareza, estrutura e estilo. Este servi\u00e7o tamb\u00e9m inclui os elementos essenciais da edi\u00e7\u00e3o, tais como correc\u00e7\u00f5es na gram\u00e1tica, pontua\u00e7\u00e3o, ortografia e coer\u00eancia. As revistas de grande impacto t\u00eam prefer\u00eancia por artigos inovadores de investiga\u00e7\u00e3o, com uma mensagem clara e pertinente. A equipe de <em>Ph.D.<\/em> peritos em mat\u00e9rias espec\u00edficas da <span style=\"color: #145b1d;\"><strong>International Science Editing<\/strong> <\/span> pode ajud\u00e1-lo a reescrever e estruturar o seu artigo, oferecer sugest\u00f5es \u00fateis e conselhos de revis\u00e3o; por exemplo, se s\u00e3o necess\u00e1rias informa\u00e7\u00f5es mais detalhadas para sustentar os seus argumentos, ou se utiliza terminologia desapropriada. Pode concluir-se que alguns dos seus dados seriam mais bem apresentados numa tabela ou gr\u00e1fico, ou que o seu artigo talvez beneficiasse de um gloss\u00e1rio . A prolixidade excessiva pode ser eliminada com termos espec\u00edficos e a consist\u00eancia sustentada ao longo de todo o documento, de modo a dar ao seu artigo um acabamento sucinto e profissional. Usando destaques relevantes e l\u00f3gicos, par\u00e1grafos e estruturas de frases com sentido, e um fluxo de linguagem melhorado, pode maximizar o impacto do seu artigo e aumentar a probabilidade de vir a ser aceite para publica\u00e7\u00e3o.\u00a0 <a href=\"https:\/\/internationalscienceediting.com\/pt\/in-depth-editing\/\"><strong><b>Clique aqui<\/b><\/strong>\u00a0<\/a>\u00a0ou envie-nos um email \u00a0<strong><a href=\"mailto:indepth@internationalscienceediting.com\">indepth @ internationalscienceediting.com<\/a><\/strong><strong>\u00a0<\/strong><\/p>\n<h2><a href=\"https:\/\/www.internationalscienceediting.com\/pt\/formatacao\/\">Formata\u00e7\u00e3o<\/a><\/h2>\n<p>Quando decidir submeter o seu artigo a uma determinada publica\u00e7\u00e3o, a <span style=\"color: #145b1d;\"><strong>International Science Editing<\/strong> <\/span> pode moldar o seu artigo aos requisitos espec\u00edficos dessa publica\u00e7\u00e3o, em termos de estrutura e formato, n\u00famero de palavras, estilo de refer\u00eancias, unidades de medida preferidas, ortografia, especifica\u00e7\u00f5es gr\u00e1ficas, etc. Ler e decifrar as instru\u00e7\u00f5es detalhadas para autores, de cada publica\u00e7\u00e3o, pode ser uma tarefa demorada e laboriosa. N\u00f3s podemos verificar se o seu artigo cumpre com os requisitos da revista e aconselh\u00e1-lo acerca de qualquer material adicional que possa necessitar de incluir na sua submiss\u00e3o, como, por exemplo, uma declara\u00e7\u00e3o de conflitos de interesses, uma declara\u00e7\u00e3o de \u00e9tica, uma declara\u00e7\u00e3o de direitos de autor assinada, etc. Voc\u00ea pode ter preparado o seu artigo usando o estilo de refer\u00eancia de Harvard (com nomes e datas) enquanto a publica\u00e7\u00e3o prefere o estilo Vancouver (numerado), e n\u00f3s podemos alterar isso por si. Muitos artigos excelentes podem ser imediatamente rejeitados por publica\u00e7\u00f5es de grande procura se n\u00e3o seguirem as suas orienta\u00e7\u00f5es b\u00e1sicas.<\/p>\n","protected":false},"excerpt":{"rendered":"<p>A\u00a0International Science Editing oferece uma gama completa de servi\u00e7os para os autores, incluindo a edi\u00e7\u00e3o em l\u00edngua inglesa, ilustra\u00e7\u00e3o e servi\u00e7os de tradu\u00e7\u00e3o. Edi\u00e7\u00e3o Idiom\u00e1tica N\u00f3s nos encarregaremos da edi\u00e7\u00e3o idiom\u00e1tica e asseguraremos que o seu artigo est\u00e1 isento de erros gramaticais, ortogr\u00e1ficos e\/ou outros erros comuns, enquanto garantimos que o seu manuscrito est\u00e1 escrito [&hellip;]<\/p>\n","protected":false},"author":5,"featured_media":0,"parent":0,"menu_order":0,"comment_status":"open","ping_status":"open","template":"","meta":{"_genesis_hide_title":false,"_genesis_hide_breadcrumbs":false,"_genesis_hide_singular_image":false,"_genesis_hide_footer_widgets":false,"_genesis_custom_body_class":"","_genesis_custom_post_class":"","_genesis_layout":"","footnotes":""},"class_list":{"0":"post-394","1":"page","2":"type-page","3":"status-publish","5":"entry","6":"has-post-thumbnail"},"yoast_head":"<!-- This site is optimized with the Yoast SEO plugin v26.7 - https:\/\/yoast.com\/wordpress\/plugins\/seo\/ -->\n<title>Servi\u00e7os para Autores - International Science Editing_PT<\/title>\n<meta name=\"robots\" content=\"index, follow, max-snippet:-1, max-image-preview:large, max-video-preview:-1\" \/>\n<link rel=\"canonical\" href=\"https:\/\/internationalscienceediting.com\/pt\/services-for-authors\/\" \/>\n<meta property=\"og:locale\" content=\"en_US\" \/>\n<meta property=\"og:type\" content=\"article\" \/>\n<meta property=\"og:title\" content=\"Servi\u00e7os para Autores - International Science Editing_PT\" \/>\n<meta property=\"og:description\" content=\"A\u00a0International Science Editing oferece uma gama completa de servi\u00e7os para os autores, incluindo a edi\u00e7\u00e3o em l\u00edngua inglesa, ilustra\u00e7\u00e3o e servi\u00e7os de tradu\u00e7\u00e3o. Edi\u00e7\u00e3o Idiom\u00e1tica N\u00f3s nos encarregaremos da edi\u00e7\u00e3o idiom\u00e1tica e asseguraremos que o seu artigo est\u00e1 isento de erros gramaticais, ortogr\u00e1ficos e\/ou outros erros comuns, enquanto garantimos que o seu manuscrito est\u00e1 escrito [&hellip;]\" \/>\n<meta property=\"og:url\" content=\"https:\/\/internationalscienceediting.com\/pt\/services-for-authors\/\" \/>\n<meta property=\"og:site_name\" content=\"International Science Editing_PT\" \/>\n<meta property=\"article:modified_time\" content=\"2025-05-06T11:31:09+00:00\" \/>\n<meta property=\"og:image\" content=\"https:\/\/internationalscienceediting.com\/pt\/wp-content\/uploads\/2014\/08\/med.jpg\" \/>\n<meta name=\"twitter:card\" content=\"summary_large_image\" \/>\n<meta name=\"twitter:label1\" content=\"Est. reading time\" \/>\n\t<meta name=\"twitter:data1\" content=\"3 minutes\" \/>\n<script type=\"application\/ld+json\" class=\"yoast-schema-graph\">{\"@context\":\"https:\/\/schema.org\",\"@graph\":[{\"@type\":\"WebPage\",\"@id\":\"https:\/\/internationalscienceediting.com\/pt\/services-for-authors\/\",\"url\":\"https:\/\/internationalscienceediting.com\/pt\/services-for-authors\/\",\"name\":\"Servi\u00e7os para Autores - International Science Editing_PT\",\"isPartOf\":{\"@id\":\"https:\/\/internationalscienceediting.com\/pt\/#website\"},\"primaryImageOfPage\":{\"@id\":\"https:\/\/internationalscienceediting.com\/pt\/services-for-authors\/#primaryimage\"},\"image\":{\"@id\":\"https:\/\/internationalscienceediting.com\/pt\/services-for-authors\/#primaryimage\"},\"thumbnailUrl\":\"https:\/\/internationalscienceediting.com\/pt\/wp-content\/uploads\/2014\/08\/med.jpg\",\"datePublished\":\"2014-08-01T14:09:28+00:00\",\"dateModified\":\"2025-05-06T11:31:09+00:00\",\"breadcrumb\":{\"@id\":\"https:\/\/internationalscienceediting.com\/pt\/services-for-authors\/#breadcrumb\"},\"inLanguage\":\"en-US\",\"potentialAction\":[{\"@type\":\"ReadAction\",\"target\":[\"https:\/\/internationalscienceediting.com\/pt\/services-for-authors\/\"]}]},{\"@type\":\"ImageObject\",\"inLanguage\":\"en-US\",\"@id\":\"https:\/\/internationalscienceediting.com\/pt\/services-for-authors\/#primaryimage\",\"url\":\"https:\/\/internationalscienceediting.com\/pt\/wp-content\/uploads\/2014\/08\/med.jpg\",\"contentUrl\":\"https:\/\/internationalscienceediting.com\/pt\/wp-content\/uploads\/2014\/08\/med.jpg\"},{\"@type\":\"BreadcrumbList\",\"@id\":\"https:\/\/internationalscienceediting.com\/pt\/services-for-authors\/#breadcrumb\",\"itemListElement\":[{\"@type\":\"ListItem\",\"position\":1,\"name\":\"Home\",\"item\":\"https:\/\/internationalscienceediting.com\/pt\/\"},{\"@type\":\"ListItem\",\"position\":2,\"name\":\"Servi\u00e7os para Autores\"}]},{\"@type\":\"WebSite\",\"@id\":\"https:\/\/internationalscienceediting.com\/pt\/#website\",\"url\":\"https:\/\/internationalscienceediting.com\/pt\/\",\"name\":\"International Science Editing_PT\",\"description\":\"Providers of Premier Scientific Editing Services\",\"potentialAction\":[{\"@type\":\"SearchAction\",\"target\":{\"@type\":\"EntryPoint\",\"urlTemplate\":\"https:\/\/internationalscienceediting.com\/pt\/?s={search_term_string}\"},\"query-input\":{\"@type\":\"PropertyValueSpecification\",\"valueRequired\":true,\"valueName\":\"search_term_string\"}}],\"inLanguage\":\"en-US\"}]}<\/script>\n<!-- \/ Yoast SEO plugin. -->","yoast_head_json":{"title":"Servi\u00e7os para Autores - International Science Editing_PT","robots":{"index":"index","follow":"follow","max-snippet":"max-snippet:-1","max-image-preview":"max-image-preview:large","max-video-preview":"max-video-preview:-1"},"canonical":"https:\/\/internationalscienceediting.com\/pt\/services-for-authors\/","og_locale":"en_US","og_type":"article","og_title":"Servi\u00e7os para Autores - International Science Editing_PT","og_description":"A\u00a0International Science Editing oferece uma gama completa de servi\u00e7os para os autores, incluindo a edi\u00e7\u00e3o em l\u00edngua inglesa, ilustra\u00e7\u00e3o e servi\u00e7os de tradu\u00e7\u00e3o. Edi\u00e7\u00e3o Idiom\u00e1tica N\u00f3s nos encarregaremos da edi\u00e7\u00e3o idiom\u00e1tica e asseguraremos que o seu artigo est\u00e1 isento de erros gramaticais, ortogr\u00e1ficos e\/ou outros erros comuns, enquanto garantimos que o seu manuscrito est\u00e1 escrito [&hellip;]","og_url":"https:\/\/internationalscienceediting.com\/pt\/services-for-authors\/","og_site_name":"International Science Editing_PT","article_modified_time":"2025-05-06T11:31:09+00:00","og_image":[{"url":"https:\/\/internationalscienceediting.com\/pt\/wp-content\/uploads\/2014\/08\/med.jpg","type":"","width":"","height":""}],"twitter_card":"summary_large_image","twitter_misc":{"Est. reading time":"3 minutes"},"schema":{"@context":"https:\/\/schema.org","@graph":[{"@type":"WebPage","@id":"https:\/\/internationalscienceediting.com\/pt\/services-for-authors\/","url":"https:\/\/internationalscienceediting.com\/pt\/services-for-authors\/","name":"Servi\u00e7os para Autores - International Science Editing_PT","isPartOf":{"@id":"https:\/\/internationalscienceediting.com\/pt\/#website"},"primaryImageOfPage":{"@id":"https:\/\/internationalscienceediting.com\/pt\/services-for-authors\/#primaryimage"},"image":{"@id":"https:\/\/internationalscienceediting.com\/pt\/services-for-authors\/#primaryimage"},"thumbnailUrl":"https:\/\/internationalscienceediting.com\/pt\/wp-content\/uploads\/2014\/08\/med.jpg","datePublished":"2014-08-01T14:09:28+00:00","dateModified":"2025-05-06T11:31:09+00:00","breadcrumb":{"@id":"https:\/\/internationalscienceediting.com\/pt\/services-for-authors\/#breadcrumb"},"inLanguage":"en-US","potentialAction":[{"@type":"ReadAction","target":["https:\/\/internationalscienceediting.com\/pt\/services-for-authors\/"]}]},{"@type":"ImageObject","inLanguage":"en-US","@id":"https:\/\/internationalscienceediting.com\/pt\/services-for-authors\/#primaryimage","url":"https:\/\/internationalscienceediting.com\/pt\/wp-content\/uploads\/2014\/08\/med.jpg","contentUrl":"https:\/\/internationalscienceediting.com\/pt\/wp-content\/uploads\/2014\/08\/med.jpg"},{"@type":"BreadcrumbList","@id":"https:\/\/internationalscienceediting.com\/pt\/services-for-authors\/#breadcrumb","itemListElement":[{"@type":"ListItem","position":1,"name":"Home","item":"https:\/\/internationalscienceediting.com\/pt\/"},{"@type":"ListItem","position":2,"name":"Servi\u00e7os para Autores"}]},{"@type":"WebSite","@id":"https:\/\/internationalscienceediting.com\/pt\/#website","url":"https:\/\/internationalscienceediting.com\/pt\/","name":"International Science Editing_PT","description":"Providers of Premier Scientific Editing Services","potentialAction":[{"@type":"SearchAction","target":{"@type":"EntryPoint","urlTemplate":"https:\/\/internationalscienceediting.com\/pt\/?s={search_term_string}"},"query-input":{"@type":"PropertyValueSpecification","valueRequired":true,"valueName":"search_term_string"}}],"inLanguage":"en-US"}]}},"_links":{"self":[{"href":"https:\/\/internationalscienceediting.com\/pt\/wp-json\/wp\/v2\/pages\/394","targetHints":{"allow":["GET"]}}],"collection":[{"href":"https:\/\/internationalscienceediting.com\/pt\/wp-json\/wp\/v2\/pages"}],"about":[{"href":"https:\/\/internationalscienceediting.com\/pt\/wp-json\/wp\/v2\/types\/page"}],"author":[{"embeddable":true,"href":"https:\/\/internationalscienceediting.com\/pt\/wp-json\/wp\/v2\/users\/5"}],"replies":[{"embeddable":true,"href":"https:\/\/internationalscienceediting.com\/pt\/wp-json\/wp\/v2\/comments?post=394"}],"version-history":[{"count":48,"href":"https:\/\/internationalscienceediting.com\/pt\/wp-json\/wp\/v2\/pages\/394\/revisions"}],"predecessor-version":[{"id":1394,"href":"https:\/\/internationalscienceediting.com\/pt\/wp-json\/wp\/v2\/pages\/394\/revisions\/1394"}],"wp:attachment":[{"href":"https:\/\/internationalscienceediting.com\/pt\/wp-json\/wp\/v2\/media?parent=394"}],"curies":[{"name":"wp","href":"https:\/\/api.w.org\/{rel}","templated":true}]}}