{"id":400,"date":"2014-08-01T14:12:31","date_gmt":"2014-08-01T14:12:31","guid":{"rendered":"http:\/\/www.internationalscienceediting.com\/pt\/?page_id=400"},"modified":"2025-05-28T08:47:06","modified_gmt":"2025-05-28T08:47:06","slug":"processo-de-edicao","status":"publish","type":"page","link":"https:\/\/internationalscienceediting.com\/pt\/processo-de-edicao\/","title":{"rendered":"Processo de Edi\u00e7\u00e3o"},"content":{"rendered":"<p><a href=\"https:\/\/internationalscienceediting.com\/pt\/wp-content\/uploads\/2014\/08\/Language-Editing.jpg\" aria-hidden=\"true\" tabindex=\"-1\"><img loading=\"lazy\" decoding=\"async\" class=\"alignright size-full wp-image-1014\" src=\"https:\/\/internationalscienceediting.com\/pt\/wp-content\/uploads\/2014\/08\/Language-Editing.jpg\" alt=\"Editing Process for International Science Editing\" width=\"424\" height=\"283\" srcset=\"https:\/\/internationalscienceediting.com\/pt\/wp-content\/uploads\/2014\/08\/Language-Editing.jpg 424w, https:\/\/internationalscienceediting.com\/pt\/wp-content\/uploads\/2014\/08\/Language-Editing-300x200.jpg 300w\" sizes=\"auto, (max-width: 424px) 100vw, 424px\" \/><\/a><\/p>\n<p>O primeiro passo no processo de edi\u00e7\u00e3o \u00e9 carregar o seu manuscrito atrav\u00e9s do site da\u00a0<a href=\"https:\/\/internationalscienceediting.com\/pt\/language-editing\/\"><span style=\"color: #145b1d;\"><strong>International Science Editing\u2019s<\/strong><\/span><\/a>\u00a0\u00a0ou\u00a0enviar-nos o seu manuscrito por\u00a0<span><strong ><a  href=\"mailto:admin@internationalscienceediting.com\">email<\/a>\u00a0<\/strong><\/span>por forma a receber um or\u00e7amento gratuito. O nosso pre\u00e7o \u00e9 calculado a partir da contagem do total de palavras do manuscrito.<\/p>\n<p>Ao enviar-nos o seu manuscrito, deve incluir:<\/p>\n<ul>\n<li>Seus contatos pessoais, incluindo o seu nome, endere\u00e7o postal de trabalho, n\u00famero de telefone, endere\u00e7o de <em><i>e-mail<\/i><\/em> e endere\u00e7o de <em><i>e-mail<\/i><\/em> de <em><i>backup<\/i><\/em><\/li>\n<li>Sua \u00e1rea de pesquisa<\/li>\n<li>O t\u00edtulo de seu artigo<\/li>\n<li>Os t\u00edtulos das revistas a que pretende submeter o seu manuscrito<\/li>\n<li>Todas as tabelas e figuras<\/li>\n<li>Quaisquer cr\u00edticas de revisores ao artigo<\/li>\n<li>A lista de refer\u00eancias do manuscrito<\/li>\n<\/ul>\n<p>Dentro de um dia \u00fatil, ap\u00f3s a recep\u00e7\u00e3o do seu manuscrito na <a href=\"https:\/\/internationalscienceediting.com\/pt\/language-editing\/\"><span style=\"color: #145b1d;\"><strong>International Science Editing<\/strong><\/span><\/a>,\u00a0receber\u00e1 uma proposta incluindo a data de entrega do seu manuscrito editado. Normalmente, manuscritos com menos de 5000 palavras s\u00e3o entregues em 5 dias \u00fateis e manuscritos maiores s\u00e3o entregues em 7 dias \u00fateis.<br \/>\nPara aceitar o nosso or\u00e7amento, bem como os seus termos e condi\u00e7\u00f5es, basta responder ao nosso <em><i>e-mail<\/i><\/em> com a sua confirma\u00e7\u00e3o. Em caso de d\u00favida, envie-nos um <em><i>email <\/i><\/em>com quaisquer quest\u00f5es que possa ter em rela\u00e7\u00e3o \u00e0 nossa proposta<\/p>\n<p>Ap\u00f3s a aceita\u00e7\u00e3o da proposta, o seu manuscrito ser\u00e1 atribu\u00eddo a um editor especializado na sua \u00e1rea acad\u00eamica; o manuscrito ser\u00e1 editado e entregue ao cliente via <em><i>email<\/i><\/em> at\u00e9 \u00e0 data prevista no or\u00e7amento. Ser\u00e1 contactado pessoalmente pelo editor sobre quaisquer d\u00favidas que possam surgir durante o processo de edi\u00e7\u00e3o e receber\u00e1 um parecer detalhado sobre o seu artigo.<\/p>\n<p>Ap\u00f3s a edi\u00e7\u00e3o e entrega do seu manuscrito, receber\u00e1 da <a href=\"https:\/\/internationalscienceediting.com\/pt\/language-editing\/\"><span style=\"color: #145b1d;\"><strong>International Science Editing<\/strong><\/span><\/a> uma fatura com instru\u00e7\u00f5es para pagamento.<\/p>\n<h2><strong><b>Meios de Pagamento<\/b><\/strong><\/h2>\n<p>Aceitamos <em><i>Laser, Visa<\/i><\/em> e <em><i>MasterCard<\/i><\/em>.<\/p>\n<p><a href=\"https:\/\/internationalscienceediting.com\/pt\/payment-page\/\"><span><strong>Clique aqui<\/strong><\/span><\/a><strong><b>\u00a0<\/b><\/strong>para mais informa\u00e7\u00f5es sobre os nossos <strong><a href=\"https:\/\/internationalscienceediting.com\/pt\/payment-page\/\">\u00a0meios de pagamento<\/a><\/strong>.<\/p>\n","protected":false},"excerpt":{"rendered":"<p>O primeiro passo no processo de edi\u00e7\u00e3o \u00e9 carregar o seu manuscrito atrav\u00e9s do site da\u00a0International Science Editing\u2019s\u00a0\u00a0ou\u00a0enviar-nos o seu manuscrito por\u00a0email\u00a0por forma a receber um or\u00e7amento gratuito. O nosso pre\u00e7o \u00e9 calculado a partir da contagem do total de palavras do manuscrito. Ao enviar-nos o seu manuscrito, deve incluir: Seus contatos pessoais, incluindo o [&hellip;]<\/p>\n","protected":false},"author":5,"featured_media":1016,"parent":0,"menu_order":0,"comment_status":"open","ping_status":"open","template":"","meta":{"_genesis_hide_title":false,"_genesis_hide_breadcrumbs":false,"_genesis_hide_singular_image":false,"_genesis_hide_footer_widgets":false,"_genesis_custom_body_class":"","_genesis_custom_post_class":"","_genesis_layout":"","footnotes":""},"class_list":{"0":"post-400","1":"page","2":"type-page","3":"status-publish","4":"has-post-thumbnail","6":"entry"},"yoast_head":"<!-- This site is optimized with the Yoast SEO plugin v26.7 - https:\/\/yoast.com\/wordpress\/plugins\/seo\/ -->\n<title>Processo de Edi\u00e7\u00e3o - International Science Editing_PT<\/title>\n<meta name=\"description\" content=\"Processo de Edi\u00e7\u00e3o: O nosso pre\u00e7o \u00e9 calculado a partir da contagem do total de palavras do manuscrito.\" \/>\n<meta name=\"robots\" content=\"index, follow, max-snippet:-1, max-image-preview:large, max-video-preview:-1\" \/>\n<link rel=\"canonical\" href=\"https:\/\/internationalscienceediting.com\/pt\/processo-de-edicao\/\" \/>\n<meta property=\"og:locale\" content=\"en_US\" \/>\n<meta property=\"og:type\" content=\"article\" \/>\n<meta property=\"og:title\" content=\"Processo de Edi\u00e7\u00e3o - International Science Editing_PT\" \/>\n<meta property=\"og:description\" content=\"Processo de Edi\u00e7\u00e3o: O nosso pre\u00e7o \u00e9 calculado a partir da contagem do total de palavras do manuscrito.\" \/>\n<meta property=\"og:url\" content=\"https:\/\/internationalscienceediting.com\/pt\/processo-de-edicao\/\" \/>\n<meta property=\"og:site_name\" content=\"International Science Editing_PT\" \/>\n<meta property=\"article:modified_time\" content=\"2025-05-28T08:47:06+00:00\" \/>\n<meta property=\"og:image\" content=\"https:\/\/internationalscienceediting.com\/pt\/wp-content\/uploads\/2014\/08\/Language-Editing1.jpg\" \/>\n\t<meta property=\"og:image:width\" content=\"1000\" \/>\n\t<meta property=\"og:image:height\" content=\"427\" \/>\n\t<meta property=\"og:image:type\" content=\"image\/jpeg\" \/>\n<meta name=\"twitter:card\" content=\"summary_large_image\" \/>\n<meta name=\"twitter:label1\" content=\"Est. reading time\" \/>\n\t<meta name=\"twitter:data1\" content=\"2 minutes\" \/>\n<script type=\"application\/ld+json\" class=\"yoast-schema-graph\">{\"@context\":\"https:\/\/schema.org\",\"@graph\":[{\"@type\":\"WebPage\",\"@id\":\"https:\/\/internationalscienceediting.com\/pt\/processo-de-edicao\/\",\"url\":\"https:\/\/internationalscienceediting.com\/pt\/processo-de-edicao\/\",\"name\":\"Processo de Edi\u00e7\u00e3o - International Science Editing_PT\",\"isPartOf\":{\"@id\":\"https:\/\/internationalscienceediting.com\/pt\/#website\"},\"primaryImageOfPage\":{\"@id\":\"https:\/\/internationalscienceediting.com\/pt\/processo-de-edicao\/#primaryimage\"},\"image\":{\"@id\":\"https:\/\/internationalscienceediting.com\/pt\/processo-de-edicao\/#primaryimage\"},\"thumbnailUrl\":\"https:\/\/internationalscienceediting.com\/pt\/wp-content\/uploads\/2014\/08\/Language-Editing1.jpg\",\"datePublished\":\"2014-08-01T14:12:31+00:00\",\"dateModified\":\"2025-05-28T08:47:06+00:00\",\"description\":\"Processo de Edi\u00e7\u00e3o: O nosso pre\u00e7o \u00e9 calculado a partir da contagem do total de palavras do manuscrito.\",\"breadcrumb\":{\"@id\":\"https:\/\/internationalscienceediting.com\/pt\/processo-de-edicao\/#breadcrumb\"},\"inLanguage\":\"en-US\",\"potentialAction\":[{\"@type\":\"ReadAction\",\"target\":[\"https:\/\/internationalscienceediting.com\/pt\/processo-de-edicao\/\"]}]},{\"@type\":\"ImageObject\",\"inLanguage\":\"en-US\",\"@id\":\"https:\/\/internationalscienceediting.com\/pt\/processo-de-edicao\/#primaryimage\",\"url\":\"https:\/\/internationalscienceediting.com\/pt\/wp-content\/uploads\/2014\/08\/Language-Editing1.jpg\",\"contentUrl\":\"https:\/\/internationalscienceediting.com\/pt\/wp-content\/uploads\/2014\/08\/Language-Editing1.jpg\",\"width\":1000,\"height\":427,\"caption\":\"Language-Editing\"},{\"@type\":\"BreadcrumbList\",\"@id\":\"https:\/\/internationalscienceediting.com\/pt\/processo-de-edicao\/#breadcrumb\",\"itemListElement\":[{\"@type\":\"ListItem\",\"position\":1,\"name\":\"Home\",\"item\":\"https:\/\/internationalscienceediting.com\/pt\/\"},{\"@type\":\"ListItem\",\"position\":2,\"name\":\"Processo de Edi\u00e7\u00e3o\"}]},{\"@type\":\"WebSite\",\"@id\":\"https:\/\/internationalscienceediting.com\/pt\/#website\",\"url\":\"https:\/\/internationalscienceediting.com\/pt\/\",\"name\":\"International Science Editing_PT\",\"description\":\"Providers of Premier Scientific Editing Services\",\"potentialAction\":[{\"@type\":\"SearchAction\",\"target\":{\"@type\":\"EntryPoint\",\"urlTemplate\":\"https:\/\/internationalscienceediting.com\/pt\/?s={search_term_string}\"},\"query-input\":{\"@type\":\"PropertyValueSpecification\",\"valueRequired\":true,\"valueName\":\"search_term_string\"}}],\"inLanguage\":\"en-US\"}]}<\/script>\n<!-- \/ Yoast SEO plugin. -->","yoast_head_json":{"title":"Processo de Edi\u00e7\u00e3o - International Science Editing_PT","description":"Processo de Edi\u00e7\u00e3o: O nosso pre\u00e7o \u00e9 calculado a partir da contagem do total de palavras do manuscrito.","robots":{"index":"index","follow":"follow","max-snippet":"max-snippet:-1","max-image-preview":"max-image-preview:large","max-video-preview":"max-video-preview:-1"},"canonical":"https:\/\/internationalscienceediting.com\/pt\/processo-de-edicao\/","og_locale":"en_US","og_type":"article","og_title":"Processo de Edi\u00e7\u00e3o - International Science Editing_PT","og_description":"Processo de Edi\u00e7\u00e3o: O nosso pre\u00e7o \u00e9 calculado a partir da contagem do total de palavras do manuscrito.","og_url":"https:\/\/internationalscienceediting.com\/pt\/processo-de-edicao\/","og_site_name":"International Science Editing_PT","article_modified_time":"2025-05-28T08:47:06+00:00","og_image":[{"width":1000,"height":427,"url":"https:\/\/internationalscienceediting.com\/pt\/wp-content\/uploads\/2014\/08\/Language-Editing1.jpg","type":"image\/jpeg"}],"twitter_card":"summary_large_image","twitter_misc":{"Est. reading time":"2 minutes"},"schema":{"@context":"https:\/\/schema.org","@graph":[{"@type":"WebPage","@id":"https:\/\/internationalscienceediting.com\/pt\/processo-de-edicao\/","url":"https:\/\/internationalscienceediting.com\/pt\/processo-de-edicao\/","name":"Processo de Edi\u00e7\u00e3o - International Science Editing_PT","isPartOf":{"@id":"https:\/\/internationalscienceediting.com\/pt\/#website"},"primaryImageOfPage":{"@id":"https:\/\/internationalscienceediting.com\/pt\/processo-de-edicao\/#primaryimage"},"image":{"@id":"https:\/\/internationalscienceediting.com\/pt\/processo-de-edicao\/#primaryimage"},"thumbnailUrl":"https:\/\/internationalscienceediting.com\/pt\/wp-content\/uploads\/2014\/08\/Language-Editing1.jpg","datePublished":"2014-08-01T14:12:31+00:00","dateModified":"2025-05-28T08:47:06+00:00","description":"Processo de Edi\u00e7\u00e3o: O nosso pre\u00e7o \u00e9 calculado a partir da contagem do total de palavras do manuscrito.","breadcrumb":{"@id":"https:\/\/internationalscienceediting.com\/pt\/processo-de-edicao\/#breadcrumb"},"inLanguage":"en-US","potentialAction":[{"@type":"ReadAction","target":["https:\/\/internationalscienceediting.com\/pt\/processo-de-edicao\/"]}]},{"@type":"ImageObject","inLanguage":"en-US","@id":"https:\/\/internationalscienceediting.com\/pt\/processo-de-edicao\/#primaryimage","url":"https:\/\/internationalscienceediting.com\/pt\/wp-content\/uploads\/2014\/08\/Language-Editing1.jpg","contentUrl":"https:\/\/internationalscienceediting.com\/pt\/wp-content\/uploads\/2014\/08\/Language-Editing1.jpg","width":1000,"height":427,"caption":"Language-Editing"},{"@type":"BreadcrumbList","@id":"https:\/\/internationalscienceediting.com\/pt\/processo-de-edicao\/#breadcrumb","itemListElement":[{"@type":"ListItem","position":1,"name":"Home","item":"https:\/\/internationalscienceediting.com\/pt\/"},{"@type":"ListItem","position":2,"name":"Processo de Edi\u00e7\u00e3o"}]},{"@type":"WebSite","@id":"https:\/\/internationalscienceediting.com\/pt\/#website","url":"https:\/\/internationalscienceediting.com\/pt\/","name":"International Science Editing_PT","description":"Providers of Premier Scientific Editing Services","potentialAction":[{"@type":"SearchAction","target":{"@type":"EntryPoint","urlTemplate":"https:\/\/internationalscienceediting.com\/pt\/?s={search_term_string}"},"query-input":{"@type":"PropertyValueSpecification","valueRequired":true,"valueName":"search_term_string"}}],"inLanguage":"en-US"}]}},"_links":{"self":[{"href":"https:\/\/internationalscienceediting.com\/pt\/wp-json\/wp\/v2\/pages\/400","targetHints":{"allow":["GET"]}}],"collection":[{"href":"https:\/\/internationalscienceediting.com\/pt\/wp-json\/wp\/v2\/pages"}],"about":[{"href":"https:\/\/internationalscienceediting.com\/pt\/wp-json\/wp\/v2\/types\/page"}],"author":[{"embeddable":true,"href":"https:\/\/internationalscienceediting.com\/pt\/wp-json\/wp\/v2\/users\/5"}],"replies":[{"embeddable":true,"href":"https:\/\/internationalscienceediting.com\/pt\/wp-json\/wp\/v2\/comments?post=400"}],"version-history":[{"count":50,"href":"https:\/\/internationalscienceediting.com\/pt\/wp-json\/wp\/v2\/pages\/400\/revisions"}],"predecessor-version":[{"id":1523,"href":"https:\/\/internationalscienceediting.com\/pt\/wp-json\/wp\/v2\/pages\/400\/revisions\/1523"}],"wp:featuredmedia":[{"embeddable":true,"href":"https:\/\/internationalscienceediting.com\/pt\/wp-json\/wp\/v2\/media\/1016"}],"wp:attachment":[{"href":"https:\/\/internationalscienceediting.com\/pt\/wp-json\/wp\/v2\/media?parent=400"}],"curies":[{"name":"wp","href":"https:\/\/api.w.org\/{rel}","templated":true}]}}