{"id":403,"date":"2014-08-01T14:13:11","date_gmt":"2014-08-01T14:13:11","guid":{"rendered":"http:\/\/www.internationalscienceediting.com\/pt\/?page_id=403"},"modified":"2025-05-28T08:27:10","modified_gmt":"2025-05-28T08:27:10","slug":"perguntas-frequentes","status":"publish","type":"page","link":"https:\/\/internationalscienceediting.com\/pt\/perguntas-frequentes\/","title":{"rendered":"Perguntas Frequentes"},"content":{"rendered":"<p><a href=\"https:\/\/internationalscienceediting.com\/pt\/wp-content\/uploads\/2014\/08\/frequently-asked-questions-edited.jpg\" aria-hidden=\"true\" tabindex=\"-1\"><img loading=\"lazy\" decoding=\"async\" class=\" size-full wp-image-1017 aligncenter\" src=\"https:\/\/internationalscienceediting.com\/pt\/wp-content\/uploads\/2014\/08\/frequently-asked-questions-edited.jpg\" alt=\"International Science Editing FAQ frequently asked questions\" width=\"1000\" height=\"407\" srcset=\"https:\/\/internationalscienceediting.com\/pt\/wp-content\/uploads\/2014\/08\/frequently-asked-questions-edited.jpg 1000w, https:\/\/internationalscienceediting.com\/pt\/wp-content\/uploads\/2014\/08\/frequently-asked-questions-edited-300x122.jpg 300w\" sizes=\"auto, (max-width: 1000px) 100vw, 1000px\" \/><\/a><\/p>\n<p class=\"headM\" style=\"font-weight: bold; color: #145b1d;\"><strong>Como posso contratar os servi\u00e7os da International Science Editing?<\/strong><\/p>\n<ul>\n<li>Carregue o seu manuscrito no site da<em><i>\u00a0<\/i><\/em><a href=\"https:\/\/internationalscienceediting.com\/pt\/language-editing\/\"><span style=\"color: #145b1d;\"><strong>International Science Editing&#8217;s<\/strong><\/span> <\/a> ou<\/li>\n<li>Envie o seu manuscrito para <strong><a href=\"mailto:admin@internationalscienceediting.com\">admin@internationalscienceediting.com<\/a><\/strong><\/li>\n<li>Ap\u00f3s a sua recep\u00e7\u00e3o, receber\u00e1 uma proposta, por <em><i>email<\/i><\/em>, dentro de um dia \u00fatil<\/li>\n<li>A partir do momento em que aceite a proposta, receber\u00e1 o seu manuscrito editado por <em><i>email<\/i><\/em>, na data indicada (normalmente em 5 dias \u00fateis)<\/li>\n<li>Quando o seu manuscrito, editado, lhe tiver sido enviado, receber\u00e1 da <span style=\"color: #145b1d;\"><strong>International Science Editing<\/strong><\/span> uma fatura com instru\u00e7\u00f5es para pagamento<\/li>\n<\/ul>\n<p class=\"headM\" style=\"font-weight: bold; color: #145b1d;\"><strong>Que contatos pessoais devo enviar com o meu manuscrito?<\/strong><\/p>\n<p>Deve incluir os seguintes contatos:<\/p>\n<ul>\n<li>Nome<\/li>\n<li>O seu endere\u00e7o postal de trabalho<\/li>\n<li>N\u00famero de telefone \u2013 incluindo prefixos<\/li>\n<li>Endere\u00e7o de <em><i>email <\/i><\/em><\/li>\n<li>Endere\u00e7o de <em><i>email<\/i><\/em> alternativo<\/li>\n<\/ul>\n<p class=\"headM\" style=\"font-weight: bold; color: #145b1d;\"><strong>Em que formatos posso enviar o meu manuscrito?<\/strong><\/p>\n<p>O texto deve estar nos formados <em><i>Microsoft Word<\/i><\/em> (.doc, .docx), <em><i>Open Office Document Text <\/i><\/em>(.odt) ou LaTex (.tex)<\/p>\n<p class=\"headM\" style=\"font-weight: bold; color: #145b1d;\"><strong>O que devo enviar juntamente com o meu manuscrito?<\/strong><\/p>\n<p>Por favor, envie:<\/p>\n<ul>\n<li>Os seus contatos pessoais, conforme indicado<\/li>\n<li>A sua \u00e1rea de investiga\u00e7\u00e3o<\/li>\n<li>O t\u00edtulo de seu artigo<\/li>\n<li>Os t\u00edtulos das suas revistas-alvo<\/li>\n<li>Tabelas e figuras<\/li>\n<li>Quaisquer coment\u00e1rios de revis\u00e3o anteriores<\/li>\n<li>A lista de refer\u00eancias do manuscrito<\/li>\n<\/ul>\n<p class=\"headM\" style=\"font-weight: bold; color: #145b1d;\"><strong>Como \u00e9 feita a atribui\u00e7\u00e3o de pre\u00e7o na International Science Editing?<\/strong><\/p>\n<p>O nosso pre\u00e7o \u00e9 calculado a partir da contagem do n\u00famero total de palavras do manuscrito. Temos uma diversidade de descontos; veja mais abaixo \u201cExistem descontos?\/ Como posso obter um desconto?\u201d<\/p>\n<p class=\"headM\" style=\"font-weight: bold; color: #145b1d;\"><strong>Qual o prazo de entrega?<\/strong><\/p>\n<p>Normalmente, manuscritos com menos de 5000 palavras s\u00e3o entregues em 5 dias \u00fateis e manuscritos maiores s\u00e3o entregues em 7 dias \u00fateis.<\/p>\n<p class=\"headM\" style=\"font-weight: bold; color: #145b1d;\"><strong>A International Science Editing garante que o meu manuscrito ser\u00e1 tratado com confidencialidade?<\/strong><\/p>\n<p>O seu manuscrito ser\u00e1 tratado com a m\u00e1xima confidencialidade pelo nosso pessoal e pelos nossos editores, com quem assin\u00e1mos acordos que obrigam a que toda e qualquer informa\u00e7\u00e3o contida no seu manuscrito n\u00e3o seja divulgada de nenhuma forma.<\/p>\n<p class=\"headM\" style=\"font-weight: bold; color: #145b1d;\"><strong>Podem garantir que o meu manuscrito ser\u00e1 publicado ap\u00f3s a vossa edi\u00e7\u00e3o?<\/strong><\/p>\n<p>Garantimos que o seu manuscrito cumprir\u00e1 com os requisitos dos mais altos n\u00edveis de Ingl\u00eas escrito. Infelizmente, n\u00e3o podemos garantir que o seu manuscrito seja publicado ap\u00f3s a nossa edi\u00e7\u00e3o, pois os manuscritos podem ser recusados com base no seu conte\u00fado cient\u00edfico ou no grau de adequa\u00e7\u00e3o \u00e0 \u00e1rea disciplinar da publica\u00e7\u00e3o da sua escolha. Acrescentamos que, se alterar ou reescrever alguma edi\u00e7\u00e3o em ingl\u00eas feita pela <span style=\"color: #145b1d;\"><strong>International Science<\/strong> <strong>Editing<\/strong><\/span>, n\u00e3o podemos ser responsabilizados por quaisquer rejei\u00e7\u00f5es que o seu manuscrito sofra. Por esse motivo, se fizer qualquer altera\u00e7\u00e3o ao seu manuscrito editado, recomendamos que no-lo devolva para verifica\u00e7\u00e3o antes da submiss\u00e3o.<\/p>\n<p class=\"headM\" style=\"font-weight: bold; color: #145b1d;\"><strong>Podem garantir que o meu manuscrito n\u00e3o ser\u00e1 recusado pela linguagem utilizada?<\/strong><\/p>\n<p>Se aceitar a nossa vers\u00e3o editada e n\u00e3o lhe fizer qualquer altera\u00e7\u00e3o antes da submiss\u00e3o, garantimos que o seu manuscrito n\u00e3o ser\u00e1 rejeitado com base no ingl\u00eas que cont\u00e9m. Se receber comet\u00e1rios negativos acerca da linguagem, voltaremos a verificar o manuscrito (sem custos para si) e receber\u00e1 um certificado para comprovar que o seu manuscrto foi editado por um nativo de l\u00edngua inglesa. Contudo, se fizer alguma altera\u00e7\u00e3o e esta n\u00e3o for verificada por n\u00f3s, n\u00e3o podemos dar-lhe essa garantia. Assim, se fizer alguma altera\u00e7\u00e3o ao seu manuscrito editado, recomendamos que no-lo devolva para verifica\u00e7\u00e3o antes da submiss\u00e3o.<\/p>\n<p class=\"headM\" style=\"font-weight: bold; color: #145b1d;\"><strong>Como posso obter um certificado de edi\u00e7\u00e3o?<\/strong><\/p>\n<p>Logo que o seu manuscrito esteja editado, pode solicitar um certificado de edi\u00e7\u00e3o. Envie um <em><i>email<\/i><\/em> com um pedido de certificado de edi\u00e7\u00e3o para <strong><a href=\"mailto:admin@internationalscienceediting.com\">admin@internationalscienceediting.com<\/a><\/strong><\/p>\n<p>(Nota: Este certificado s\u00f3 \u00e9 v\u00e1lido se n\u00e3o fizer qualquer altera\u00e7\u00e3o ao seu manuscrito depois de o termos editado.)<\/p>\n<p class=\"headM\" style=\"font-weight: bold; color: #145b1d;\"><strong>Quando devo pagar a edi\u00e7\u00e3o?<\/strong><\/p>\n<p>Quando lhe enviarmos o manuscrito editado, receber\u00e1 por <em><i>email<\/i><\/em> a fatura solicitando o pagamento no prazo de 1 m\u00eas.<\/p>\n<p class=\"headM\" style=\"font-weight: bold; color: #145b1d;\"><strong>Como posso pagar?<\/strong><\/p>\n<p>O pagamento pode ser feito atrav\u00e9s de qualquer um dos m\u00e9todos que se seguem:<\/p>\n<ul>\n<li>Atrav\u00e9s de pagamento online para o nosso escrit\u00f3rio europeu (cart\u00e3o de cr\u00e9dito ser\u00e1 preferencial). Para mais informa\u00e7\u00f5es, por favor consulte <strong><a href=\"http:\/\/www.internationalscienceediting.com\/payment.php\">o nosso <em><i>site<\/i><\/em><\/a><\/strong><\/li>\n<li>Atrav\u00e9s de seu banco; envie-nos um <em><i>email<\/i><\/em> para mais detalhes, para <strong><a href=\"mailto:account@internationalscienceediting.com\">account@internationalscienceediting.com<\/a><\/strong><\/li>\n<li><em><i>PayPal<\/i><\/em><\/li>\n<li><em><i>Western Union<\/i><\/em><\/li>\n<\/ul>\n<p class=\"headM\" style=\"font-weight: bold; color: #145b1d;\"><strong>Posso contactar os vossos editores, depois de receber o manuscrito editado?<\/strong><\/p>\n<p>N\u00f3s agradecemos qualquer <em><i>feedback<\/i><\/em>. O manuscrito editado pode conter coment\u00e1rios do editor. Poder\u00e1 proceder \u00e0s altera\u00e7\u00f5es sugeridas ou responder aos coment\u00e1rios do editor do manuscrito, assinalando os seus coment\u00e1rios. Nessa altura, o seu manuscrito dever\u00e1 ser revisto pelo editor original, sem nenhum custo para voc\u00ea.<\/p>\n<p class=\"headM\" style=\"font-weight: bold; color: #145b1d;\"><strong>Posso conhecer o nome do editor, bem como a sua experi\u00eancia, e pedir para que seja ele a editar os meus manuscritos no futuro?<\/strong><\/p>\n<p>Se pretendido, podemos dar-lhe a conhecer a \u00e1rea de epecialidade dos nossos editores e pode solicitar o mesmo editor para editar manuscritos posteriores.<\/p>\n<p class=\"headM\" style=\"font-weight: bold; color: #145b1d;\"><strong>Existem descontos?\/ Como posso obter um desconto?<\/strong><\/p>\n<p>Oferecemos pre\u00e7os atrativos e benef\u00edcios aos autores que utilizem regularmente os nossos servi\u00e7os e praticamos descontos de grupo\/departamento\/instituto. Para mais informa\u00e7\u00f5es sobre descontos, por favor, entre em contato com o nosso escrit\u00f3rio pelo telefone: +353 61 47281 ou <em><i>email<\/i><\/em>: <strong><a href=\"mailto:admin@internationalscienceediting.com\">admin@internationalscienceediting.com<\/a><\/strong>.<\/p>\n","protected":false},"excerpt":{"rendered":"<p>Como posso contratar os servi\u00e7os da International Science Editing? Carregue o seu manuscrito no site da\u00a0International Science Editing&#8217;s ou Envie o seu manuscrito para admin@internationalscienceediting.com Ap\u00f3s a sua recep\u00e7\u00e3o, receber\u00e1 uma proposta, por email, dentro de um dia \u00fatil A partir do momento em que aceite a proposta, receber\u00e1 o seu manuscrito editado por email, [&hellip;]<\/p>\n","protected":false},"author":5,"featured_media":555,"parent":0,"menu_order":0,"comment_status":"closed","ping_status":"closed","template":"","meta":{"_genesis_hide_title":false,"_genesis_hide_breadcrumbs":false,"_genesis_hide_singular_image":false,"_genesis_hide_footer_widgets":false,"_genesis_custom_body_class":"","_genesis_custom_post_class":"","_genesis_layout":"","footnotes":""},"class_list":{"0":"post-403","1":"page","2":"type-page","3":"status-publish","4":"has-post-thumbnail","6":"entry"},"yoast_head":"<!-- This site is optimized with the Yoast SEO plugin v26.7 - https:\/\/yoast.com\/wordpress\/plugins\/seo\/ -->\n<title>Perguntas Frequentes - International Science Editing_PT<\/title>\n<meta name=\"description\" content=\"Perguntas Frequentes: Como posso contratar os servi\u00e7os da International Science Editing? Qual o prazo de entrega? Como posso obter um desconto?\" \/>\n<meta name=\"robots\" content=\"index, follow, max-snippet:-1, max-image-preview:large, max-video-preview:-1\" \/>\n<link rel=\"canonical\" href=\"https:\/\/internationalscienceediting.com\/pt\/perguntas-frequentes\/\" \/>\n<meta property=\"og:locale\" content=\"en_US\" \/>\n<meta property=\"og:type\" content=\"article\" \/>\n<meta property=\"og:title\" content=\"Perguntas Frequentes - International Science Editing_PT\" \/>\n<meta property=\"og:description\" content=\"Perguntas Frequentes: Como posso contratar os servi\u00e7os da International Science Editing? Qual o prazo de entrega? Como posso obter um desconto?\" \/>\n<meta property=\"og:url\" content=\"https:\/\/internationalscienceediting.com\/pt\/perguntas-frequentes\/\" \/>\n<meta property=\"og:site_name\" content=\"International Science Editing_PT\" \/>\n<meta property=\"article:modified_time\" content=\"2025-05-28T08:27:10+00:00\" \/>\n<meta property=\"og:image\" content=\"https:\/\/internationalscienceediting.com\/pt\/wp-content\/uploads\/2014\/08\/frequently-asked-questions.jpg\" \/>\n\t<meta property=\"og:image:width\" content=\"1000\" \/>\n\t<meta property=\"og:image:height\" content=\"669\" \/>\n\t<meta property=\"og:image:type\" content=\"image\/jpeg\" \/>\n<meta name=\"twitter:card\" content=\"summary_large_image\" \/>\n<meta name=\"twitter:label1\" content=\"Est. reading time\" \/>\n\t<meta name=\"twitter:data1\" content=\"4 minutes\" \/>\n<script type=\"application\/ld+json\" class=\"yoast-schema-graph\">{\"@context\":\"https:\/\/schema.org\",\"@graph\":[{\"@type\":\"WebPage\",\"@id\":\"https:\/\/internationalscienceediting.com\/pt\/perguntas-frequentes\/\",\"url\":\"https:\/\/internationalscienceediting.com\/pt\/perguntas-frequentes\/\",\"name\":\"Perguntas Frequentes - International Science Editing_PT\",\"isPartOf\":{\"@id\":\"https:\/\/internationalscienceediting.com\/pt\/#website\"},\"primaryImageOfPage\":{\"@id\":\"https:\/\/internationalscienceediting.com\/pt\/perguntas-frequentes\/#primaryimage\"},\"image\":{\"@id\":\"https:\/\/internationalscienceediting.com\/pt\/perguntas-frequentes\/#primaryimage\"},\"thumbnailUrl\":\"https:\/\/internationalscienceediting.com\/pt\/wp-content\/uploads\/2014\/08\/frequently-asked-questions.jpg\",\"datePublished\":\"2014-08-01T14:13:11+00:00\",\"dateModified\":\"2025-05-28T08:27:10+00:00\",\"description\":\"Perguntas Frequentes: Como posso contratar os servi\u00e7os da International Science Editing? Qual o prazo de entrega? Como posso obter um desconto?\",\"breadcrumb\":{\"@id\":\"https:\/\/internationalscienceediting.com\/pt\/perguntas-frequentes\/#breadcrumb\"},\"inLanguage\":\"en-US\",\"potentialAction\":[{\"@type\":\"ReadAction\",\"target\":[\"https:\/\/internationalscienceediting.com\/pt\/perguntas-frequentes\/\"]}]},{\"@type\":\"ImageObject\",\"inLanguage\":\"en-US\",\"@id\":\"https:\/\/internationalscienceediting.com\/pt\/perguntas-frequentes\/#primaryimage\",\"url\":\"https:\/\/internationalscienceediting.com\/pt\/wp-content\/uploads\/2014\/08\/frequently-asked-questions.jpg\",\"contentUrl\":\"https:\/\/internationalscienceediting.com\/pt\/wp-content\/uploads\/2014\/08\/frequently-asked-questions.jpg\",\"width\":1000,\"height\":669,\"caption\":\"frequently asked questions\"},{\"@type\":\"BreadcrumbList\",\"@id\":\"https:\/\/internationalscienceediting.com\/pt\/perguntas-frequentes\/#breadcrumb\",\"itemListElement\":[{\"@type\":\"ListItem\",\"position\":1,\"name\":\"Home\",\"item\":\"https:\/\/internationalscienceediting.com\/pt\/\"},{\"@type\":\"ListItem\",\"position\":2,\"name\":\"Perguntas Frequentes\"}]},{\"@type\":\"WebSite\",\"@id\":\"https:\/\/internationalscienceediting.com\/pt\/#website\",\"url\":\"https:\/\/internationalscienceediting.com\/pt\/\",\"name\":\"International Science Editing_PT\",\"description\":\"Providers of Premier Scientific Editing Services\",\"potentialAction\":[{\"@type\":\"SearchAction\",\"target\":{\"@type\":\"EntryPoint\",\"urlTemplate\":\"https:\/\/internationalscienceediting.com\/pt\/?s={search_term_string}\"},\"query-input\":{\"@type\":\"PropertyValueSpecification\",\"valueRequired\":true,\"valueName\":\"search_term_string\"}}],\"inLanguage\":\"en-US\"}]}<\/script>\n<!-- \/ Yoast SEO plugin. -->","yoast_head_json":{"title":"Perguntas Frequentes - International Science Editing_PT","description":"Perguntas Frequentes: Como posso contratar os servi\u00e7os da International Science Editing? Qual o prazo de entrega? Como posso obter um desconto?","robots":{"index":"index","follow":"follow","max-snippet":"max-snippet:-1","max-image-preview":"max-image-preview:large","max-video-preview":"max-video-preview:-1"},"canonical":"https:\/\/internationalscienceediting.com\/pt\/perguntas-frequentes\/","og_locale":"en_US","og_type":"article","og_title":"Perguntas Frequentes - International Science Editing_PT","og_description":"Perguntas Frequentes: Como posso contratar os servi\u00e7os da International Science Editing? Qual o prazo de entrega? Como posso obter um desconto?","og_url":"https:\/\/internationalscienceediting.com\/pt\/perguntas-frequentes\/","og_site_name":"International Science Editing_PT","article_modified_time":"2025-05-28T08:27:10+00:00","og_image":[{"width":1000,"height":669,"url":"https:\/\/internationalscienceediting.com\/pt\/wp-content\/uploads\/2014\/08\/frequently-asked-questions.jpg","type":"image\/jpeg"}],"twitter_card":"summary_large_image","twitter_misc":{"Est. reading time":"4 minutes"},"schema":{"@context":"https:\/\/schema.org","@graph":[{"@type":"WebPage","@id":"https:\/\/internationalscienceediting.com\/pt\/perguntas-frequentes\/","url":"https:\/\/internationalscienceediting.com\/pt\/perguntas-frequentes\/","name":"Perguntas Frequentes - International Science Editing_PT","isPartOf":{"@id":"https:\/\/internationalscienceediting.com\/pt\/#website"},"primaryImageOfPage":{"@id":"https:\/\/internationalscienceediting.com\/pt\/perguntas-frequentes\/#primaryimage"},"image":{"@id":"https:\/\/internationalscienceediting.com\/pt\/perguntas-frequentes\/#primaryimage"},"thumbnailUrl":"https:\/\/internationalscienceediting.com\/pt\/wp-content\/uploads\/2014\/08\/frequently-asked-questions.jpg","datePublished":"2014-08-01T14:13:11+00:00","dateModified":"2025-05-28T08:27:10+00:00","description":"Perguntas Frequentes: Como posso contratar os servi\u00e7os da International Science Editing? Qual o prazo de entrega? Como posso obter um desconto?","breadcrumb":{"@id":"https:\/\/internationalscienceediting.com\/pt\/perguntas-frequentes\/#breadcrumb"},"inLanguage":"en-US","potentialAction":[{"@type":"ReadAction","target":["https:\/\/internationalscienceediting.com\/pt\/perguntas-frequentes\/"]}]},{"@type":"ImageObject","inLanguage":"en-US","@id":"https:\/\/internationalscienceediting.com\/pt\/perguntas-frequentes\/#primaryimage","url":"https:\/\/internationalscienceediting.com\/pt\/wp-content\/uploads\/2014\/08\/frequently-asked-questions.jpg","contentUrl":"https:\/\/internationalscienceediting.com\/pt\/wp-content\/uploads\/2014\/08\/frequently-asked-questions.jpg","width":1000,"height":669,"caption":"frequently asked questions"},{"@type":"BreadcrumbList","@id":"https:\/\/internationalscienceediting.com\/pt\/perguntas-frequentes\/#breadcrumb","itemListElement":[{"@type":"ListItem","position":1,"name":"Home","item":"https:\/\/internationalscienceediting.com\/pt\/"},{"@type":"ListItem","position":2,"name":"Perguntas Frequentes"}]},{"@type":"WebSite","@id":"https:\/\/internationalscienceediting.com\/pt\/#website","url":"https:\/\/internationalscienceediting.com\/pt\/","name":"International Science Editing_PT","description":"Providers of Premier Scientific Editing Services","potentialAction":[{"@type":"SearchAction","target":{"@type":"EntryPoint","urlTemplate":"https:\/\/internationalscienceediting.com\/pt\/?s={search_term_string}"},"query-input":{"@type":"PropertyValueSpecification","valueRequired":true,"valueName":"search_term_string"}}],"inLanguage":"en-US"}]}},"_links":{"self":[{"href":"https:\/\/internationalscienceediting.com\/pt\/wp-json\/wp\/v2\/pages\/403","targetHints":{"allow":["GET"]}}],"collection":[{"href":"https:\/\/internationalscienceediting.com\/pt\/wp-json\/wp\/v2\/pages"}],"about":[{"href":"https:\/\/internationalscienceediting.com\/pt\/wp-json\/wp\/v2\/types\/page"}],"author":[{"embeddable":true,"href":"https:\/\/internationalscienceediting.com\/pt\/wp-json\/wp\/v2\/users\/5"}],"replies":[{"embeddable":true,"href":"https:\/\/internationalscienceediting.com\/pt\/wp-json\/wp\/v2\/comments?post=403"}],"version-history":[{"count":45,"href":"https:\/\/internationalscienceediting.com\/pt\/wp-json\/wp\/v2\/pages\/403\/revisions"}],"predecessor-version":[{"id":1519,"href":"https:\/\/internationalscienceediting.com\/pt\/wp-json\/wp\/v2\/pages\/403\/revisions\/1519"}],"wp:featuredmedia":[{"embeddable":true,"href":"https:\/\/internationalscienceediting.com\/pt\/wp-json\/wp\/v2\/media\/555"}],"wp:attachment":[{"href":"https:\/\/internationalscienceediting.com\/pt\/wp-json\/wp\/v2\/media?parent=403"}],"curies":[{"name":"wp","href":"https:\/\/api.w.org\/{rel}","templated":true}]}}