{"id":406,"date":"2014-08-01T14:16:18","date_gmt":"2014-08-01T14:16:18","guid":{"rendered":"http:\/\/www.internationalscienceediting.com\/pt\/?page_id=406"},"modified":"2025-05-28T08:04:58","modified_gmt":"2025-05-28T08:04:58","slug":"fale-conosco","status":"publish","type":"page","link":"https:\/\/internationalscienceediting.com\/pt\/fale-conosco\/","title":{"rendered":"Fale conosco"},"content":{"rendered":"<p><a href=\"https:\/\/internationalscienceediting.com\/pt\/language-editing\/\" aria-hidden=\"true\" tabindex=\"-1\"><img loading=\"lazy\" decoding=\"async\" class=\"alignright wp-image-1007\" src=\"https:\/\/internationalscienceediting.com\/pt\/wp-content\/uploads\/2014\/08\/Contact-us-edited.jpg\" alt=\"Contact International Science Editing\" width=\"245\" height=\"500\" srcset=\"https:\/\/internationalscienceediting.com\/pt\/wp-content\/uploads\/2014\/08\/Contact-us-edited.jpg 489w, https:\/\/internationalscienceediting.com\/pt\/wp-content\/uploads\/2014\/08\/Contact-us-edited-147x300.jpg 147w\" sizes=\"auto, (max-width: 245px) 100vw, 245px\" \/><\/a><\/p>\n<p>Se tiver qualquer quest\u00e3o acerca da <span style=\"color: #145b1d;\"><strong>International Science Editing\u00a0<\/strong><\/span>e\/ou dos nossos servi\u00e7os, por favor contate-nos atrav\u00e9s do seguinte endere\u00e7o de <em><i>email<\/i><\/em>: <strong><a href=\"mailto:admin@internationalscienceediting.com\">admin@internationalscienceediting.com<\/a><\/strong><br \/>\nResponderemos \u00e0s suas perguntas dentro de 1 dia \u00fatil.<br \/>\nEm alternativa, por favor, n\u00e3o hesite em contactar os nossos escrit\u00f3rios por:<br \/>\nTel: +353 61 472818<br \/>\nFax: +353 61 472688<br \/>\n<span style=\"font-weight: bold; color: #145b1d;\"><strong>International Science Editing<\/strong><\/span><br \/>\nCompuscript Ltd,<br \/>\nShannon Industrial Estate West,<br \/>\nShannon,<br \/>\nCo. Clare,<br \/>\nRepublic of Ireland.<\/p>\n<p>&nbsp;<\/p>\n<p>Se deseja submeter um artigo a or\u00e7amento, por favor <strong><a href=\"https:\/\/internationalscienceediting.com\/pt\/language-editing\/\">clique aqui<\/a><\/strong><\/p>\n","protected":false},"excerpt":{"rendered":"<p>Se tiver qualquer quest\u00e3o acerca da International Science Editing\u00a0e\/ou dos nossos servi\u00e7os, por favor contate-nos atrav\u00e9s do seguinte endere\u00e7o de email: admin@internationalscienceediting.com Responderemos \u00e0s suas perguntas dentro de 1 dia \u00fatil. Em alternativa, por favor, n\u00e3o hesite em contactar os nossos escrit\u00f3rios por: Tel: +353 61 472818 Fax: +353 61 472688 International Science Editing Compuscript [&hellip;]<\/p>\n","protected":false},"author":5,"featured_media":530,"parent":0,"menu_order":0,"comment_status":"closed","ping_status":"closed","template":"","meta":{"_genesis_hide_title":false,"_genesis_hide_breadcrumbs":false,"_genesis_hide_singular_image":false,"_genesis_hide_footer_widgets":false,"_genesis_custom_body_class":"","_genesis_custom_post_class":"","_genesis_layout":"","footnotes":""},"class_list":{"0":"post-406","1":"page","2":"type-page","3":"status-publish","4":"has-post-thumbnail","6":"entry"},"yoast_head":"<!-- This site is optimized with the Yoast SEO plugin v26.7 - https:\/\/yoast.com\/wordpress\/plugins\/seo\/ -->\n<title>Fale conosco - International Science Editing_PT<\/title>\n<meta name=\"description\" content=\"Fale conosco:Se tiver qualquer quest\u00e3o acerca da ISE e\/ou dos nossos servi\u00e7os, por favor contate-nos atrav\u00e9s do seguinte endere\u00e7o de email\" \/>\n<meta name=\"robots\" content=\"index, follow, max-snippet:-1, max-image-preview:large, max-video-preview:-1\" \/>\n<link rel=\"canonical\" href=\"https:\/\/internationalscienceediting.com\/pt\/fale-conosco\/\" \/>\n<meta property=\"og:locale\" content=\"en_US\" \/>\n<meta property=\"og:type\" content=\"article\" \/>\n<meta property=\"og:title\" content=\"Fale conosco - International Science Editing_PT\" \/>\n<meta property=\"og:description\" content=\"Fale conosco:Se tiver qualquer quest\u00e3o acerca da ISE e\/ou dos nossos servi\u00e7os, por favor contate-nos atrav\u00e9s do seguinte endere\u00e7o de email\" \/>\n<meta property=\"og:url\" content=\"https:\/\/internationalscienceediting.com\/pt\/fale-conosco\/\" \/>\n<meta property=\"og:site_name\" content=\"International Science Editing_PT\" \/>\n<meta property=\"article:modified_time\" content=\"2025-05-28T08:04:58+00:00\" \/>\n<meta property=\"og:image\" content=\"https:\/\/internationalscienceediting.com\/pt\/wp-content\/uploads\/2014\/08\/Contact-Us.jpg\" \/>\n\t<meta property=\"og:image:width\" content=\"1000\" \/>\n\t<meta property=\"og:image:height\" content=\"1000\" \/>\n\t<meta property=\"og:image:type\" content=\"image\/jpeg\" \/>\n<meta name=\"twitter:card\" content=\"summary_large_image\" \/>\n<script type=\"application\/ld+json\" class=\"yoast-schema-graph\">{\"@context\":\"https:\/\/schema.org\",\"@graph\":[{\"@type\":\"WebPage\",\"@id\":\"https:\/\/internationalscienceediting.com\/pt\/fale-conosco\/\",\"url\":\"https:\/\/internationalscienceediting.com\/pt\/fale-conosco\/\",\"name\":\"Fale conosco - International Science Editing_PT\",\"isPartOf\":{\"@id\":\"https:\/\/internationalscienceediting.com\/pt\/#website\"},\"primaryImageOfPage\":{\"@id\":\"https:\/\/internationalscienceediting.com\/pt\/fale-conosco\/#primaryimage\"},\"image\":{\"@id\":\"https:\/\/internationalscienceediting.com\/pt\/fale-conosco\/#primaryimage\"},\"thumbnailUrl\":\"https:\/\/internationalscienceediting.com\/pt\/wp-content\/uploads\/2014\/08\/Contact-Us.jpg\",\"datePublished\":\"2014-08-01T14:16:18+00:00\",\"dateModified\":\"2025-05-28T08:04:58+00:00\",\"description\":\"Fale conosco:Se tiver qualquer quest\u00e3o acerca da ISE e\/ou dos nossos servi\u00e7os, por favor contate-nos atrav\u00e9s do seguinte endere\u00e7o de email\",\"breadcrumb\":{\"@id\":\"https:\/\/internationalscienceediting.com\/pt\/fale-conosco\/#breadcrumb\"},\"inLanguage\":\"en-US\",\"potentialAction\":[{\"@type\":\"ReadAction\",\"target\":[\"https:\/\/internationalscienceediting.com\/pt\/fale-conosco\/\"]}]},{\"@type\":\"ImageObject\",\"inLanguage\":\"en-US\",\"@id\":\"https:\/\/internationalscienceediting.com\/pt\/fale-conosco\/#primaryimage\",\"url\":\"https:\/\/internationalscienceediting.com\/pt\/wp-content\/uploads\/2014\/08\/Contact-Us.jpg\",\"contentUrl\":\"https:\/\/internationalscienceediting.com\/pt\/wp-content\/uploads\/2014\/08\/Contact-Us.jpg\",\"width\":1000,\"height\":1000,\"caption\":\"contact us\"},{\"@type\":\"BreadcrumbList\",\"@id\":\"https:\/\/internationalscienceediting.com\/pt\/fale-conosco\/#breadcrumb\",\"itemListElement\":[{\"@type\":\"ListItem\",\"position\":1,\"name\":\"Home\",\"item\":\"https:\/\/internationalscienceediting.com\/pt\/\"},{\"@type\":\"ListItem\",\"position\":2,\"name\":\"Fale conosco\"}]},{\"@type\":\"WebSite\",\"@id\":\"https:\/\/internationalscienceediting.com\/pt\/#website\",\"url\":\"https:\/\/internationalscienceediting.com\/pt\/\",\"name\":\"International Science Editing_PT\",\"description\":\"Providers of Premier Scientific Editing Services\",\"potentialAction\":[{\"@type\":\"SearchAction\",\"target\":{\"@type\":\"EntryPoint\",\"urlTemplate\":\"https:\/\/internationalscienceediting.com\/pt\/?s={search_term_string}\"},\"query-input\":{\"@type\":\"PropertyValueSpecification\",\"valueRequired\":true,\"valueName\":\"search_term_string\"}}],\"inLanguage\":\"en-US\"}]}<\/script>\n<!-- \/ Yoast SEO plugin. -->","yoast_head_json":{"title":"Fale conosco - International Science Editing_PT","description":"Fale conosco:Se tiver qualquer quest\u00e3o acerca da ISE e\/ou dos nossos servi\u00e7os, por favor contate-nos atrav\u00e9s do seguinte endere\u00e7o de email","robots":{"index":"index","follow":"follow","max-snippet":"max-snippet:-1","max-image-preview":"max-image-preview:large","max-video-preview":"max-video-preview:-1"},"canonical":"https:\/\/internationalscienceediting.com\/pt\/fale-conosco\/","og_locale":"en_US","og_type":"article","og_title":"Fale conosco - International Science Editing_PT","og_description":"Fale conosco:Se tiver qualquer quest\u00e3o acerca da ISE e\/ou dos nossos servi\u00e7os, por favor contate-nos atrav\u00e9s do seguinte endere\u00e7o de email","og_url":"https:\/\/internationalscienceediting.com\/pt\/fale-conosco\/","og_site_name":"International Science Editing_PT","article_modified_time":"2025-05-28T08:04:58+00:00","og_image":[{"width":1000,"height":1000,"url":"https:\/\/internationalscienceediting.com\/pt\/wp-content\/uploads\/2014\/08\/Contact-Us.jpg","type":"image\/jpeg"}],"twitter_card":"summary_large_image","schema":{"@context":"https:\/\/schema.org","@graph":[{"@type":"WebPage","@id":"https:\/\/internationalscienceediting.com\/pt\/fale-conosco\/","url":"https:\/\/internationalscienceediting.com\/pt\/fale-conosco\/","name":"Fale conosco - International Science Editing_PT","isPartOf":{"@id":"https:\/\/internationalscienceediting.com\/pt\/#website"},"primaryImageOfPage":{"@id":"https:\/\/internationalscienceediting.com\/pt\/fale-conosco\/#primaryimage"},"image":{"@id":"https:\/\/internationalscienceediting.com\/pt\/fale-conosco\/#primaryimage"},"thumbnailUrl":"https:\/\/internationalscienceediting.com\/pt\/wp-content\/uploads\/2014\/08\/Contact-Us.jpg","datePublished":"2014-08-01T14:16:18+00:00","dateModified":"2025-05-28T08:04:58+00:00","description":"Fale conosco:Se tiver qualquer quest\u00e3o acerca da ISE e\/ou dos nossos servi\u00e7os, por favor contate-nos atrav\u00e9s do seguinte endere\u00e7o de email","breadcrumb":{"@id":"https:\/\/internationalscienceediting.com\/pt\/fale-conosco\/#breadcrumb"},"inLanguage":"en-US","potentialAction":[{"@type":"ReadAction","target":["https:\/\/internationalscienceediting.com\/pt\/fale-conosco\/"]}]},{"@type":"ImageObject","inLanguage":"en-US","@id":"https:\/\/internationalscienceediting.com\/pt\/fale-conosco\/#primaryimage","url":"https:\/\/internationalscienceediting.com\/pt\/wp-content\/uploads\/2014\/08\/Contact-Us.jpg","contentUrl":"https:\/\/internationalscienceediting.com\/pt\/wp-content\/uploads\/2014\/08\/Contact-Us.jpg","width":1000,"height":1000,"caption":"contact us"},{"@type":"BreadcrumbList","@id":"https:\/\/internationalscienceediting.com\/pt\/fale-conosco\/#breadcrumb","itemListElement":[{"@type":"ListItem","position":1,"name":"Home","item":"https:\/\/internationalscienceediting.com\/pt\/"},{"@type":"ListItem","position":2,"name":"Fale conosco"}]},{"@type":"WebSite","@id":"https:\/\/internationalscienceediting.com\/pt\/#website","url":"https:\/\/internationalscienceediting.com\/pt\/","name":"International Science Editing_PT","description":"Providers of Premier Scientific Editing Services","potentialAction":[{"@type":"SearchAction","target":{"@type":"EntryPoint","urlTemplate":"https:\/\/internationalscienceediting.com\/pt\/?s={search_term_string}"},"query-input":{"@type":"PropertyValueSpecification","valueRequired":true,"valueName":"search_term_string"}}],"inLanguage":"en-US"}]}},"_links":{"self":[{"href":"https:\/\/internationalscienceediting.com\/pt\/wp-json\/wp\/v2\/pages\/406","targetHints":{"allow":["GET"]}}],"collection":[{"href":"https:\/\/internationalscienceediting.com\/pt\/wp-json\/wp\/v2\/pages"}],"about":[{"href":"https:\/\/internationalscienceediting.com\/pt\/wp-json\/wp\/v2\/types\/page"}],"author":[{"embeddable":true,"href":"https:\/\/internationalscienceediting.com\/pt\/wp-json\/wp\/v2\/users\/5"}],"replies":[{"embeddable":true,"href":"https:\/\/internationalscienceediting.com\/pt\/wp-json\/wp\/v2\/comments?post=406"}],"version-history":[{"count":35,"href":"https:\/\/internationalscienceediting.com\/pt\/wp-json\/wp\/v2\/pages\/406\/revisions"}],"predecessor-version":[{"id":1514,"href":"https:\/\/internationalscienceediting.com\/pt\/wp-json\/wp\/v2\/pages\/406\/revisions\/1514"}],"wp:featuredmedia":[{"embeddable":true,"href":"https:\/\/internationalscienceediting.com\/pt\/wp-json\/wp\/v2\/media\/530"}],"wp:attachment":[{"href":"https:\/\/internationalscienceediting.com\/pt\/wp-json\/wp\/v2\/media?parent=406"}],"curies":[{"name":"wp","href":"https:\/\/api.w.org\/{rel}","templated":true}]}}