{"id":475,"date":"2014-08-07T13:03:13","date_gmt":"2014-08-07T13:03:13","guid":{"rendered":"http:\/\/www.internationalscienceediting.com\/pt\/?page_id=475"},"modified":"2025-05-14T11:33:58","modified_gmt":"2025-05-14T11:33:58","slug":"privacidade","status":"publish","type":"page","link":"https:\/\/internationalscienceediting.com\/pt\/privacidade\/","title":{"rendered":"Pol\u00edtica de Privacidade"},"content":{"rendered":"<p>Recentemente atualizamos nossa Pol\u00edtica de Privacidade para esclarecer como protegemos informa\u00e7\u00f5es pessoais em conformidade com o novo Regulamento Geral de Prote\u00e7\u00e3o de Dados da Uni\u00e3o Europeia (<em>General Data Protection Regulation<\/em>\u2013GDPR). Nossa pol\u00edtica atualizada fornece mais detalhes sobre<\/p>\n<ul>\n<li>as informa\u00e7\u00f5es que coletamos<\/li>\n<li>como usamos essas informa\u00e7\u00f5es, por que as armazenamos e<\/li>\n<li>como voc\u00ea pode solicitar a atualiza\u00e7\u00e3o, corre\u00e7\u00e3o, ou exclus\u00e3o de suas informa\u00e7\u00f5es<\/li>\n<\/ul>\n<h2><strong>Seus direitos<\/strong><\/h2>\n<p>De acordo com o GDPR, voc\u00ea tem<\/p>\n<ul>\n<li>o direito de ser informado<\/li>\n<li>o direito de acesso, isto \u00e9, de acessar as informa\u00e7\u00f5es que temos sobre voc\u00ea. Isso \u00e9 chamado de solicita\u00e7\u00e3o de acesso, e tal solicita\u00e7\u00e3o deve ser feita atrav\u00e9s do e-mail t.nolan@compuscript.com.<\/li>\n<li>o direito de retifica\u00e7\u00e3o: caso voc\u00ea considere que temos informa\u00e7\u00f5es incorretas ou incompletas sobre voc\u00ea, entre em contato conosco atrav\u00e9s do e-mail acima para alterar\/atualizar os dados conforme desejado.<\/li>\n<li>o direito de apagar informa\u00e7\u00f5es: mais detalhes s\u00e3o fornecidos na se\u00e7\u00e3o \u201cDireito de apagar informa\u00e7\u00f5es\u201d<\/li>\n<li>o direito de portabilidade de dados<\/li>\n<li>o direito de restringir o contato: n\u00f3s respeitamos sua solicita\u00e7\u00e3o para interromper o contato por quaisquer m\u00e9todos de comunica\u00e7\u00e3o ou para qualquer prop\u00f3sito espec\u00edfico<\/li>\n<li>o direito de contestar: estamos registrados no Escrit\u00f3rio do Comiss\u00e1rio de Prote\u00e7\u00e3o de Dados e voc\u00ea tem o direito de apresentar uma queixa com este agente.<\/li>\n<\/ul>\n<h2><strong>Sobre n\u00f3s<\/strong><\/h2>\n<p>Como operadores do International Science Editing, estamos comprometidos em proteger e respeitar sua privacidade. Esta pol\u00edtica de privacidade estabelece a base na qual seus dados pessoais ser\u00e3o processados. Por favor, leia cuidadosamente este documento para entender nossas opini\u00f5es e pr\u00e1ticas sobre dados pessoais e como vamos trat\u00e1-los.<\/p>\n<p>Para os prop\u00f3sitos do GDPR, o profissional respons\u00e1vel pela prote\u00e7\u00e3o de dados \u00e9 Teresa Nolan, International Science Editing, C\/O Compuscript Limited, Block K, Bay 11A, Shannon Industrial Estate, Shannon, Co. Clare, Ireland.<\/p>\n<p><strong>Seguimos os seguintes princ\u00edpios para proteger sua privacidade e cumprir o GDPR:<\/strong><\/p>\n<ul>\n<li>n\u00e3o coletamos mais informa\u00e7\u00f5es do que \u00e9 necess\u00e1rio<\/li>\n<li>n\u00e3o usamos seus dados para fins diferentes daqueles especificados<\/li>\n<li>n\u00e3o armazenamos seus dados se estes n\u00e3o forem mais necess\u00e1rios<\/li>\n<li>n\u00e3o compartilhamos seus dados com terceiros<\/li>\n<li>usamos medidas t\u00e9cnicas apropriadas para garantir o armazenamento de dados de forma segura em nosso sistema<\/li>\n<\/ul>\n<h2><strong>Gerenciamento do servi\u00e7o de edi\u00e7\u00e3o de manuscritos<\/strong><\/h2>\n<p>Se voc\u00ea assinou um contrato de edi\u00e7\u00e3o de manuscrito, n\u00f3s processaremos seus dados da seguinte maneira.<\/p>\n<h2><strong>Categorias de dados processados<\/strong><\/h2>\n<p>N\u00f3s processamos os seguintes dados:<\/p>\n<ul>\n<li>Nome<\/li>\n<li>Endere\u00e7o institucional<\/li>\n<li>N\u00famero de telefone<\/li>\n<li>Endere\u00e7o de e-mail<\/li>\n<li>Qualquer endere\u00e7o diferente do endere\u00e7o de cobran\u00e7a<\/li>\n<li>Informa\u00e7\u00f5es cont\u00e1beis<\/li>\n<\/ul>\n<h2><strong>Finalidade e fundamentos legais para processamento de dados<\/strong><\/h2>\n<p>Usamos dados para gerenciar a edi\u00e7\u00e3o de manuscritos, incluindo o cumprimento do contrato de edi\u00e7\u00e3o e pagamento. Armazenamos seus dados para fins cont\u00e1beis e tribut\u00e1rios.<\/p>\n<h2><strong>Departamentos <\/strong><strong>respons\u00e1veis<\/strong><strong> pelo processamento de dados pessoais<\/strong><\/h2>\n<p>Seus dados ser\u00e3o processados pelos seguintes departamentos para fins de cumprimento dos servi\u00e7os de edi\u00e7\u00e3o:<\/p>\n<ul>\n<li>Departamento de Edi\u00e7\u00e3o<\/li>\n<li>Departamento de Contabilidade<\/li>\n<li>Departamento de Inform\u00e1tica<\/li>\n<li>Editores freelancers<\/li>\n<li>Avaliadores freelancers<\/li>\n<\/ul>\n<h2><strong>Dura\u00e7\u00e3o do armazenamento de dados<\/strong><\/h2>\n<p>Os seguintes dados ser\u00e3o salvos pelo per\u00edodo de vig\u00eancia do contrato e por 11 anos e 6 meses ap\u00f3s o t\u00e9rmino do contrato:<\/p>\n<ul>\n<li>Nome<\/li>\n<li>Endere\u00e7o pessoal<\/li>\n<li>Endere\u00e7o institucional<\/li>\n<li>N\u00famero de telefone<\/li>\n<li>Endere\u00e7o de e-mail<\/li>\n<li>T\u00edtulo do manuscrito<\/li>\n<\/ul>\n<p>Os seguintes dados ser\u00e3o salvos pelo per\u00edodo de vig\u00eancia do contrato e por 4 anos e 6 meses ap\u00f3s o t\u00e9rmino do contrato:<\/p>\n<ul>\n<li>Dados banc\u00e1rios<\/li>\n<li>N\u00famero de identifica\u00e7\u00e3o fiscal<\/li>\n<li>Status do pagamento do imposto sobre o valor acrescentado (<em>value added tax<\/em>\u2013VAT)<\/li>\n<li>Quaisquer outros endere\u00e7os que n\u00e3o o endere\u00e7o de cobran\u00e7a<\/li>\n<li>Endere\u00e7o de entrega<\/li>\n<li>Informa\u00e7\u00f5es cont\u00e1beis<\/li>\n<\/ul>\n<h2><strong>Cookies<\/strong><\/h2>\n<p>Os cookies s\u00e3o usados para coletar informa\u00e7\u00f5es sobre como os visitantes usam nosso site, por exemplo, quais p\u00e1ginas s\u00e3o acessadas com mais frequ\u00eancia. Os cookies n\u00e3o coletam informa\u00e7\u00f5es pessoais.<\/p>\n<p>Todas as informa\u00e7\u00f5es coletadas por cookies s\u00e3o agregadas e, portanto, an\u00f4nimas. Estas informa\u00e7\u00f5es s\u00e3o utilizadas para compilar relat\u00f3rios e melhorar a qualidade do nosso site. Os cookies n\u00e3o rastreiam sua atividade de navega\u00e7\u00e3o em outros sites.<\/p>\n<h2><strong>Armazenamento de dados<\/strong><\/h2>\n<p>Seus dados ser\u00e3o armazenados em nosso banco de dados baseado em nuvem e protegidos pela ado\u00e7\u00e3o de todos os protocolos de prote\u00e7\u00e3o de dados necess\u00e1rios.<\/p>\n<h2><strong>Dados sens\u00edveis<\/strong><\/h2>\n<p>N\u00e3o armazenamos nenhum dado pessoal confidencial (conforme definido no Artigo 9 do GDPR 2016) a menos que tenha sido fornecido por voc\u00ea como parte do processo de inscri\u00e7\u00e3o ou sele\u00e7\u00e3o. Neste caso, os dados ser\u00e3o armazenados com o seu consentimento.<\/p>\n<h2><strong>Direito de apagar <\/strong><strong>informa\u00e7\u00f5es<\/strong><\/h2>\n<p>Se voc\u00ea exercer o direito de apagar dados, armazenaremos todas as informa\u00e7\u00f5es que somos legalmente obrigados a armazenar (e.g., contrato de trabalho e dados de pagamento) pelo per\u00edodo estabelecido por lei. Tamb\u00e9m poderemos manter seu nome e o m\u00ednimo de detalhes de contato para que n\u00e3o entremos em contato com voc\u00ea nem reutilizemos seus dados pessoais inadvertidamente no futuro.<\/p>\n<h2><strong>Modo e local de processamento dos dados<\/strong><\/h2>\n<p>No International Science Editing, adotamos medidas de seguran\u00e7a apropriadas para impedir o acesso n\u00e3o autorizado, divulga\u00e7\u00e3o, modifica\u00e7\u00e3o, ou destrui\u00e7\u00e3o n\u00e3o autorizada de dados.<br \/>\nO processamento de dados \u00e9 realizado utilizando computadores e\/ou ferramentas de TI e seguindo procedimentos organizacionais diretamente relacionados \u00e0s finalidades propostas. Em alguns casos, os dados podem ser acessados por pessoas envolvidas com a opera\u00e7\u00e3o do site (e.g., setor administrativo, jur\u00eddico, e de administra\u00e7\u00e3o de sistemas) ou terceiros (provedores de servi\u00e7os t\u00e9cnicos, carteiros, provedores de hospedagem, empresas de TI, e ag\u00eancias de comunica\u00e7\u00e3o) designados, se necess\u00e1rio, como processadores de dados pela nossa equipe. A lista atualizada desses provedores pode ser solicitada ao controlador de dados a qualquer momento.<\/p>\n<h2><strong>Obriga\u00e7\u00f5es estatut\u00e1rias e contratuais para fornec<\/strong><strong>imento de<\/strong><strong> dados<\/strong><\/h2>\n<p>Voc\u00ea n\u00e3o \u00e9 obrigado a fornecer dados para processamento. Contudo, nestes casos, n\u00e3o poderemos firmar um contrato com voc\u00ea ou cumprir o contrato caso este j\u00e1 tenha sido firmado.<\/p>\n<h2><strong>Processamento <\/strong><strong>autom\u00e1tico<\/strong><strong> de dados pessoais<\/strong><\/h2>\n<p>N\u00e3o utilizamos processamentos .<\/p>\n<p style=\"color: #666666;\">\n","protected":false},"excerpt":{"rendered":"<p>Recentemente atualizamos nossa Pol\u00edtica de Privacidade para esclarecer como protegemos informa\u00e7\u00f5es pessoais em conformidade com o novo Regulamento Geral de Prote\u00e7\u00e3o de Dados da Uni\u00e3o Europeia (General Data Protection Regulation\u2013GDPR). Nossa pol\u00edtica atualizada fornece mais detalhes sobre as informa\u00e7\u00f5es que coletamos como usamos essas informa\u00e7\u00f5es, por que as armazenamos e como voc\u00ea pode solicitar a [&hellip;]<\/p>\n","protected":false},"author":5,"featured_media":0,"parent":0,"menu_order":0,"comment_status":"closed","ping_status":"closed","template":"","meta":{"_genesis_hide_title":false,"_genesis_hide_breadcrumbs":false,"_genesis_hide_singular_image":false,"_genesis_hide_footer_widgets":false,"_genesis_custom_body_class":"","_genesis_custom_post_class":"","_genesis_layout":"","footnotes":""},"class_list":{"0":"post-475","1":"page","2":"type-page","3":"status-publish","5":"entry","6":"has-post-thumbnail"},"yoast_head":"<!-- This site is optimized with the Yoast SEO plugin v26.7 - https:\/\/yoast.com\/wordpress\/plugins\/seo\/ -->\n<title>Pol\u00edtica de Privacidade - International Science Editing_PT<\/title>\n<meta name=\"description\" content=\"Privacidade: Trataremos os dados pessoais que nos forem confiados com o m\u00e1ximo cuidado. Nenhuma informa\u00e7\u00e3o recolhida ser\u00e1 fornecida a terceiros\" \/>\n<meta name=\"robots\" content=\"index, follow, max-snippet:-1, max-image-preview:large, max-video-preview:-1\" \/>\n<link rel=\"canonical\" href=\"https:\/\/internationalscienceediting.com\/pt\/privacidade\/\" \/>\n<meta property=\"og:locale\" content=\"en_US\" \/>\n<meta property=\"og:type\" content=\"article\" \/>\n<meta property=\"og:title\" content=\"Pol\u00edtica de Privacidade - International Science Editing_PT\" \/>\n<meta property=\"og:description\" content=\"Privacidade: Trataremos os dados pessoais que nos forem confiados com o m\u00e1ximo cuidado. Nenhuma informa\u00e7\u00e3o recolhida ser\u00e1 fornecida a terceiros\" \/>\n<meta property=\"og:url\" content=\"https:\/\/internationalscienceediting.com\/pt\/privacidade\/\" \/>\n<meta property=\"og:site_name\" content=\"International Science Editing_PT\" \/>\n<meta property=\"article:modified_time\" content=\"2025-05-14T11:33:58+00:00\" \/>\n<meta name=\"twitter:card\" content=\"summary_large_image\" \/>\n<meta name=\"twitter:label1\" content=\"Est. reading time\" \/>\n\t<meta name=\"twitter:data1\" content=\"5 minutes\" \/>\n<script type=\"application\/ld+json\" class=\"yoast-schema-graph\">{\"@context\":\"https:\/\/schema.org\",\"@graph\":[{\"@type\":\"WebPage\",\"@id\":\"https:\/\/internationalscienceediting.com\/pt\/privacidade\/\",\"url\":\"https:\/\/internationalscienceediting.com\/pt\/privacidade\/\",\"name\":\"Pol\u00edtica de Privacidade - International Science Editing_PT\",\"isPartOf\":{\"@id\":\"https:\/\/internationalscienceediting.com\/pt\/#website\"},\"datePublished\":\"2014-08-07T13:03:13+00:00\",\"dateModified\":\"2025-05-14T11:33:58+00:00\",\"description\":\"Privacidade: Trataremos os dados pessoais que nos forem confiados com o m\u00e1ximo cuidado. Nenhuma informa\u00e7\u00e3o recolhida ser\u00e1 fornecida a terceiros\",\"breadcrumb\":{\"@id\":\"https:\/\/internationalscienceediting.com\/pt\/privacidade\/#breadcrumb\"},\"inLanguage\":\"en-US\",\"potentialAction\":[{\"@type\":\"ReadAction\",\"target\":[\"https:\/\/internationalscienceediting.com\/pt\/privacidade\/\"]}]},{\"@type\":\"BreadcrumbList\",\"@id\":\"https:\/\/internationalscienceediting.com\/pt\/privacidade\/#breadcrumb\",\"itemListElement\":[{\"@type\":\"ListItem\",\"position\":1,\"name\":\"Home\",\"item\":\"https:\/\/internationalscienceediting.com\/pt\/\"},{\"@type\":\"ListItem\",\"position\":2,\"name\":\"Pol\u00edtica de Privacidade\"}]},{\"@type\":\"WebSite\",\"@id\":\"https:\/\/internationalscienceediting.com\/pt\/#website\",\"url\":\"https:\/\/internationalscienceediting.com\/pt\/\",\"name\":\"International Science Editing_PT\",\"description\":\"Providers of Premier Scientific Editing Services\",\"potentialAction\":[{\"@type\":\"SearchAction\",\"target\":{\"@type\":\"EntryPoint\",\"urlTemplate\":\"https:\/\/internationalscienceediting.com\/pt\/?s={search_term_string}\"},\"query-input\":{\"@type\":\"PropertyValueSpecification\",\"valueRequired\":true,\"valueName\":\"search_term_string\"}}],\"inLanguage\":\"en-US\"}]}<\/script>\n<!-- \/ Yoast SEO plugin. -->","yoast_head_json":{"title":"Pol\u00edtica de Privacidade - International Science Editing_PT","description":"Privacidade: Trataremos os dados pessoais que nos forem confiados com o m\u00e1ximo cuidado. Nenhuma informa\u00e7\u00e3o recolhida ser\u00e1 fornecida a terceiros","robots":{"index":"index","follow":"follow","max-snippet":"max-snippet:-1","max-image-preview":"max-image-preview:large","max-video-preview":"max-video-preview:-1"},"canonical":"https:\/\/internationalscienceediting.com\/pt\/privacidade\/","og_locale":"en_US","og_type":"article","og_title":"Pol\u00edtica de Privacidade - International Science Editing_PT","og_description":"Privacidade: Trataremos os dados pessoais que nos forem confiados com o m\u00e1ximo cuidado. Nenhuma informa\u00e7\u00e3o recolhida ser\u00e1 fornecida a terceiros","og_url":"https:\/\/internationalscienceediting.com\/pt\/privacidade\/","og_site_name":"International Science Editing_PT","article_modified_time":"2025-05-14T11:33:58+00:00","twitter_card":"summary_large_image","twitter_misc":{"Est. reading time":"5 minutes"},"schema":{"@context":"https:\/\/schema.org","@graph":[{"@type":"WebPage","@id":"https:\/\/internationalscienceediting.com\/pt\/privacidade\/","url":"https:\/\/internationalscienceediting.com\/pt\/privacidade\/","name":"Pol\u00edtica de Privacidade - International Science Editing_PT","isPartOf":{"@id":"https:\/\/internationalscienceediting.com\/pt\/#website"},"datePublished":"2014-08-07T13:03:13+00:00","dateModified":"2025-05-14T11:33:58+00:00","description":"Privacidade: Trataremos os dados pessoais que nos forem confiados com o m\u00e1ximo cuidado. Nenhuma informa\u00e7\u00e3o recolhida ser\u00e1 fornecida a terceiros","breadcrumb":{"@id":"https:\/\/internationalscienceediting.com\/pt\/privacidade\/#breadcrumb"},"inLanguage":"en-US","potentialAction":[{"@type":"ReadAction","target":["https:\/\/internationalscienceediting.com\/pt\/privacidade\/"]}]},{"@type":"BreadcrumbList","@id":"https:\/\/internationalscienceediting.com\/pt\/privacidade\/#breadcrumb","itemListElement":[{"@type":"ListItem","position":1,"name":"Home","item":"https:\/\/internationalscienceediting.com\/pt\/"},{"@type":"ListItem","position":2,"name":"Pol\u00edtica de Privacidade"}]},{"@type":"WebSite","@id":"https:\/\/internationalscienceediting.com\/pt\/#website","url":"https:\/\/internationalscienceediting.com\/pt\/","name":"International Science Editing_PT","description":"Providers of Premier Scientific Editing Services","potentialAction":[{"@type":"SearchAction","target":{"@type":"EntryPoint","urlTemplate":"https:\/\/internationalscienceediting.com\/pt\/?s={search_term_string}"},"query-input":{"@type":"PropertyValueSpecification","valueRequired":true,"valueName":"search_term_string"}}],"inLanguage":"en-US"}]}},"_links":{"self":[{"href":"https:\/\/internationalscienceediting.com\/pt\/wp-json\/wp\/v2\/pages\/475","targetHints":{"allow":["GET"]}}],"collection":[{"href":"https:\/\/internationalscienceediting.com\/pt\/wp-json\/wp\/v2\/pages"}],"about":[{"href":"https:\/\/internationalscienceediting.com\/pt\/wp-json\/wp\/v2\/types\/page"}],"author":[{"embeddable":true,"href":"https:\/\/internationalscienceediting.com\/pt\/wp-json\/wp\/v2\/users\/5"}],"replies":[{"embeddable":true,"href":"https:\/\/internationalscienceediting.com\/pt\/wp-json\/wp\/v2\/comments?post=475"}],"version-history":[{"count":24,"href":"https:\/\/internationalscienceediting.com\/pt\/wp-json\/wp\/v2\/pages\/475\/revisions"}],"predecessor-version":[{"id":1478,"href":"https:\/\/internationalscienceediting.com\/pt\/wp-json\/wp\/v2\/pages\/475\/revisions\/1478"}],"wp:attachment":[{"href":"https:\/\/internationalscienceediting.com\/pt\/wp-json\/wp\/v2\/media?parent=475"}],"curies":[{"name":"wp","href":"https:\/\/api.w.org\/{rel}","templated":true}]}}