{"id":582,"date":"2014-08-27T09:51:00","date_gmt":"2014-08-27T09:51:00","guid":{"rendered":"http:\/\/www.internationalscienceediting.com\/pt\/?page_id=582"},"modified":"2025-05-28T08:14:43","modified_gmt":"2025-05-28T08:14:43","slug":"isencao-de-responsabilidade","status":"publish","type":"page","link":"https:\/\/internationalscienceediting.com\/pt\/isencao-de-responsabilidade\/","title":{"rendered":"Isen\u00e7\u00e3o de Responsabilidade"},"content":{"rendered":"<p><span style=\"color: #145b1d;\"><strong><a href=\"https:\/\/internationalscienceediting.com\/pt\/wp-content\/uploads\/2014\/08\/terms-and-conditions.jpg\" aria-hidden=\"true\" tabindex=\"-1\"><img loading=\"lazy\" decoding=\"async\" class=\"alignleft size-medium wp-image-982\" src=\"https:\/\/internationalscienceediting.com\/pt\/wp-content\/uploads\/2014\/08\/terms-and-conditions-300x185.jpg\" alt=\"terms and conditions\" width=\"300\" height=\"185\" srcset=\"https:\/\/internationalscienceediting.com\/pt\/wp-content\/uploads\/2014\/08\/terms-and-conditions-300x185.jpg 300w, https:\/\/internationalscienceediting.com\/pt\/wp-content\/uploads\/2014\/08\/terms-and-conditions.jpg 1000w\" sizes=\"auto, (max-width: 300px) 100vw, 300px\" \/><\/a><\/strong><\/span>A <span style=\"color: #145b1d;\"><strong>International Science Editing<\/strong><\/span> prestar\u00e1 ao seu manuscrito todo o cuidado e aten\u00e7\u00e3o que um documento importante merece. Faremos esfor\u00e7os para editar os seus documentos com o devido cuidado e aten\u00e7\u00e3o, e indicaremos todas as altera\u00e7\u00f5es editoriais e sugest\u00f5es. Contudo, \u00e9 obriga\u00e7\u00e3o do autor verificar todas as altera\u00e7\u00f5es feitas ao seu manuscrito (\u00e9 do autor a exclusiva responsabilidade pelo manuscrito final publicado).<\/p>\n<p>Al\u00e9m disso, a\u00a0<span style=\"color: #145b1d;\"><strong>International Science Editing<\/strong><\/span> melhorar\u00e1 o Ingl\u00eas utilizado no seu manuscrito cient\u00edfico; contudo, n\u00e3o pode garantir a publica\u00e7\u00e3o, pois a decis\u00e3o final relativa a este aspecto \u00e9 uma \u00a0prerrogativa do corpo editorial da revista\u00a0 a que decidir submeter o seu artigo . A\u00a0<span style=\"color: #145b1d;\"><strong>International Science Editing<\/strong><\/span>\u00a0n\u00e3o julgar\u00e1 ou emitir\u00e1 opini\u00e3o sobre um manuscrito.<\/p>\n<p><span style=\"color: #145b1d;\"><strong>\u00a0<\/strong><\/span><\/p>\n<p>&nbsp;<\/p>\n","protected":false},"excerpt":{"rendered":"<p>A International Science Editing prestar\u00e1 ao seu manuscrito todo o cuidado e aten\u00e7\u00e3o que um documento importante merece. Faremos esfor\u00e7os para editar os seus documentos com o devido cuidado e aten\u00e7\u00e3o, e indicaremos todas as altera\u00e7\u00f5es editoriais e sugest\u00f5es. Contudo, \u00e9 obriga\u00e7\u00e3o do autor verificar todas as altera\u00e7\u00f5es feitas ao seu manuscrito (\u00e9 do autor [&hellip;]<\/p>\n","protected":false},"author":5,"featured_media":0,"parent":0,"menu_order":0,"comment_status":"closed","ping_status":"closed","template":"","meta":{"_genesis_hide_title":false,"_genesis_hide_breadcrumbs":false,"_genesis_hide_singular_image":false,"_genesis_hide_footer_widgets":false,"_genesis_custom_body_class":"","_genesis_custom_post_class":"","_genesis_layout":"","footnotes":""},"class_list":{"0":"post-582","1":"page","2":"type-page","3":"status-publish","5":"entry","6":"has-post-thumbnail"},"yoast_head":"<!-- This site is optimized with the Yoast SEO plugin v26.7 - https:\/\/yoast.com\/wordpress\/plugins\/seo\/ -->\n<title>Isen\u00e7\u00e3o de Responsabilidade - International Science Editing_PT<\/title>\n<meta name=\"description\" content=\"Isen\u00e7\u00e3o de Responsabilidade: A International Science Editing prestar\u00e1 ao seu manuscrito todo o cuidado e aten\u00e7\u00e3o que um documento importante merece.\" \/>\n<meta name=\"robots\" content=\"index, follow, max-snippet:-1, max-image-preview:large, max-video-preview:-1\" \/>\n<link rel=\"canonical\" href=\"https:\/\/internationalscienceediting.com\/pt\/isencao-de-responsabilidade\/\" \/>\n<meta property=\"og:locale\" content=\"en_US\" \/>\n<meta property=\"og:type\" content=\"article\" \/>\n<meta property=\"og:title\" content=\"Isen\u00e7\u00e3o de Responsabilidade - International Science Editing_PT\" \/>\n<meta property=\"og:description\" content=\"Isen\u00e7\u00e3o de Responsabilidade: A International Science Editing prestar\u00e1 ao seu manuscrito todo o cuidado e aten\u00e7\u00e3o que um documento importante merece.\" \/>\n<meta property=\"og:url\" content=\"https:\/\/internationalscienceediting.com\/pt\/isencao-de-responsabilidade\/\" \/>\n<meta property=\"og:site_name\" content=\"International Science Editing_PT\" \/>\n<meta property=\"article:modified_time\" content=\"2025-05-28T08:14:43+00:00\" \/>\n<meta property=\"og:image\" content=\"https:\/\/internationalscienceediting.com\/pt\/wp-content\/uploads\/2014\/08\/terms-and-conditions-300x185.jpg\" \/>\n<meta name=\"twitter:card\" content=\"summary_large_image\" \/>\n<meta name=\"twitter:label1\" content=\"Est. reading time\" \/>\n\t<meta name=\"twitter:data1\" content=\"1 minute\" \/>\n<script type=\"application\/ld+json\" class=\"yoast-schema-graph\">{\"@context\":\"https:\/\/schema.org\",\"@graph\":[{\"@type\":\"WebPage\",\"@id\":\"https:\/\/internationalscienceediting.com\/pt\/isencao-de-responsabilidade\/\",\"url\":\"https:\/\/internationalscienceediting.com\/pt\/isencao-de-responsabilidade\/\",\"name\":\"Isen\u00e7\u00e3o de Responsabilidade - International Science Editing_PT\",\"isPartOf\":{\"@id\":\"https:\/\/internationalscienceediting.com\/pt\/#website\"},\"primaryImageOfPage\":{\"@id\":\"https:\/\/internationalscienceediting.com\/pt\/isencao-de-responsabilidade\/#primaryimage\"},\"image\":{\"@id\":\"https:\/\/internationalscienceediting.com\/pt\/isencao-de-responsabilidade\/#primaryimage\"},\"thumbnailUrl\":\"https:\/\/internationalscienceediting.com\/pt\/wp-content\/uploads\/2014\/08\/terms-and-conditions-300x185.jpg\",\"datePublished\":\"2014-08-27T09:51:00+00:00\",\"dateModified\":\"2025-05-28T08:14:43+00:00\",\"description\":\"Isen\u00e7\u00e3o de Responsabilidade: A International Science Editing prestar\u00e1 ao seu manuscrito todo o cuidado e aten\u00e7\u00e3o que um documento importante merece.\",\"breadcrumb\":{\"@id\":\"https:\/\/internationalscienceediting.com\/pt\/isencao-de-responsabilidade\/#breadcrumb\"},\"inLanguage\":\"en-US\",\"potentialAction\":[{\"@type\":\"ReadAction\",\"target\":[\"https:\/\/internationalscienceediting.com\/pt\/isencao-de-responsabilidade\/\"]}]},{\"@type\":\"ImageObject\",\"inLanguage\":\"en-US\",\"@id\":\"https:\/\/internationalscienceediting.com\/pt\/isencao-de-responsabilidade\/#primaryimage\",\"url\":\"https:\/\/internationalscienceediting.com\/pt\/wp-content\/uploads\/2014\/08\/terms-and-conditions.jpg\",\"contentUrl\":\"https:\/\/internationalscienceediting.com\/pt\/wp-content\/uploads\/2014\/08\/terms-and-conditions.jpg\",\"width\":1000,\"height\":615,\"caption\":\"terms and conditions\"},{\"@type\":\"BreadcrumbList\",\"@id\":\"https:\/\/internationalscienceediting.com\/pt\/isencao-de-responsabilidade\/#breadcrumb\",\"itemListElement\":[{\"@type\":\"ListItem\",\"position\":1,\"name\":\"Home\",\"item\":\"https:\/\/internationalscienceediting.com\/pt\/\"},{\"@type\":\"ListItem\",\"position\":2,\"name\":\"Isen\u00e7\u00e3o de Responsabilidade\"}]},{\"@type\":\"WebSite\",\"@id\":\"https:\/\/internationalscienceediting.com\/pt\/#website\",\"url\":\"https:\/\/internationalscienceediting.com\/pt\/\",\"name\":\"International Science Editing_PT\",\"description\":\"Providers of Premier Scientific Editing Services\",\"potentialAction\":[{\"@type\":\"SearchAction\",\"target\":{\"@type\":\"EntryPoint\",\"urlTemplate\":\"https:\/\/internationalscienceediting.com\/pt\/?s={search_term_string}\"},\"query-input\":{\"@type\":\"PropertyValueSpecification\",\"valueRequired\":true,\"valueName\":\"search_term_string\"}}],\"inLanguage\":\"en-US\"}]}<\/script>\n<!-- \/ Yoast SEO plugin. -->","yoast_head_json":{"title":"Isen\u00e7\u00e3o de Responsabilidade - International Science Editing_PT","description":"Isen\u00e7\u00e3o de Responsabilidade: A International Science Editing prestar\u00e1 ao seu manuscrito todo o cuidado e aten\u00e7\u00e3o que um documento importante merece.","robots":{"index":"index","follow":"follow","max-snippet":"max-snippet:-1","max-image-preview":"max-image-preview:large","max-video-preview":"max-video-preview:-1"},"canonical":"https:\/\/internationalscienceediting.com\/pt\/isencao-de-responsabilidade\/","og_locale":"en_US","og_type":"article","og_title":"Isen\u00e7\u00e3o de Responsabilidade - International Science Editing_PT","og_description":"Isen\u00e7\u00e3o de Responsabilidade: A International Science Editing prestar\u00e1 ao seu manuscrito todo o cuidado e aten\u00e7\u00e3o que um documento importante merece.","og_url":"https:\/\/internationalscienceediting.com\/pt\/isencao-de-responsabilidade\/","og_site_name":"International Science Editing_PT","article_modified_time":"2025-05-28T08:14:43+00:00","og_image":[{"url":"https:\/\/internationalscienceediting.com\/pt\/wp-content\/uploads\/2014\/08\/terms-and-conditions-300x185.jpg","type":"","width":"","height":""}],"twitter_card":"summary_large_image","twitter_misc":{"Est. reading time":"1 minute"},"schema":{"@context":"https:\/\/schema.org","@graph":[{"@type":"WebPage","@id":"https:\/\/internationalscienceediting.com\/pt\/isencao-de-responsabilidade\/","url":"https:\/\/internationalscienceediting.com\/pt\/isencao-de-responsabilidade\/","name":"Isen\u00e7\u00e3o de Responsabilidade - International Science Editing_PT","isPartOf":{"@id":"https:\/\/internationalscienceediting.com\/pt\/#website"},"primaryImageOfPage":{"@id":"https:\/\/internationalscienceediting.com\/pt\/isencao-de-responsabilidade\/#primaryimage"},"image":{"@id":"https:\/\/internationalscienceediting.com\/pt\/isencao-de-responsabilidade\/#primaryimage"},"thumbnailUrl":"https:\/\/internationalscienceediting.com\/pt\/wp-content\/uploads\/2014\/08\/terms-and-conditions-300x185.jpg","datePublished":"2014-08-27T09:51:00+00:00","dateModified":"2025-05-28T08:14:43+00:00","description":"Isen\u00e7\u00e3o de Responsabilidade: A International Science Editing prestar\u00e1 ao seu manuscrito todo o cuidado e aten\u00e7\u00e3o que um documento importante merece.","breadcrumb":{"@id":"https:\/\/internationalscienceediting.com\/pt\/isencao-de-responsabilidade\/#breadcrumb"},"inLanguage":"en-US","potentialAction":[{"@type":"ReadAction","target":["https:\/\/internationalscienceediting.com\/pt\/isencao-de-responsabilidade\/"]}]},{"@type":"ImageObject","inLanguage":"en-US","@id":"https:\/\/internationalscienceediting.com\/pt\/isencao-de-responsabilidade\/#primaryimage","url":"https:\/\/internationalscienceediting.com\/pt\/wp-content\/uploads\/2014\/08\/terms-and-conditions.jpg","contentUrl":"https:\/\/internationalscienceediting.com\/pt\/wp-content\/uploads\/2014\/08\/terms-and-conditions.jpg","width":1000,"height":615,"caption":"terms and conditions"},{"@type":"BreadcrumbList","@id":"https:\/\/internationalscienceediting.com\/pt\/isencao-de-responsabilidade\/#breadcrumb","itemListElement":[{"@type":"ListItem","position":1,"name":"Home","item":"https:\/\/internationalscienceediting.com\/pt\/"},{"@type":"ListItem","position":2,"name":"Isen\u00e7\u00e3o de Responsabilidade"}]},{"@type":"WebSite","@id":"https:\/\/internationalscienceediting.com\/pt\/#website","url":"https:\/\/internationalscienceediting.com\/pt\/","name":"International Science Editing_PT","description":"Providers of Premier Scientific Editing Services","potentialAction":[{"@type":"SearchAction","target":{"@type":"EntryPoint","urlTemplate":"https:\/\/internationalscienceediting.com\/pt\/?s={search_term_string}"},"query-input":{"@type":"PropertyValueSpecification","valueRequired":true,"valueName":"search_term_string"}}],"inLanguage":"en-US"}]}},"_links":{"self":[{"href":"https:\/\/internationalscienceediting.com\/pt\/wp-json\/wp\/v2\/pages\/582","targetHints":{"allow":["GET"]}}],"collection":[{"href":"https:\/\/internationalscienceediting.com\/pt\/wp-json\/wp\/v2\/pages"}],"about":[{"href":"https:\/\/internationalscienceediting.com\/pt\/wp-json\/wp\/v2\/types\/page"}],"author":[{"embeddable":true,"href":"https:\/\/internationalscienceediting.com\/pt\/wp-json\/wp\/v2\/users\/5"}],"replies":[{"embeddable":true,"href":"https:\/\/internationalscienceediting.com\/pt\/wp-json\/wp\/v2\/comments?post=582"}],"version-history":[{"count":10,"href":"https:\/\/internationalscienceediting.com\/pt\/wp-json\/wp\/v2\/pages\/582\/revisions"}],"predecessor-version":[{"id":1516,"href":"https:\/\/internationalscienceediting.com\/pt\/wp-json\/wp\/v2\/pages\/582\/revisions\/1516"}],"wp:attachment":[{"href":"https:\/\/internationalscienceediting.com\/pt\/wp-json\/wp\/v2\/media?parent=582"}],"curies":[{"name":"wp","href":"https:\/\/api.w.org\/{rel}","templated":true}]}}